{"id":14832,"date":"2024-09-25T09:22:44","date_gmt":"2024-09-25T12:22:44","guid":{"rendered":"https:\/\/galei.cl\/?page_id=14832"},"modified":"2024-09-25T15:34:56","modified_gmt":"2024-09-25T18:34:56","slug":"construccion","status":"publish","type":"page","link":"https:\/\/galei.cl\/index.php\/construccion\/","title":{"rendered":"Construcci\u00f3n"},"content":{"rendered":"\t\t<div data-elementor-type=\"wp-page\" data-elementor-id=\"14832\" class=\"elementor elementor-14832\" data-elementor-post-type=\"page\">\n\t\t\t\t\t\t<section class=\"elementor-section elementor-top-section elementor-element elementor-element-c4d3e16 elementor-section-stretched elementor-section-boxed elementor-section-height-default elementor-section-height-default\" data-id=\"c4d3e16\" data-element_type=\"section\" data-settings=\"{&quot;stretch_section&quot;:&quot;section-stretched&quot;,&quot;background_background&quot;:&quot;classic&quot;}\">\n\t\t\t\t\t\t<div class=\"elementor-container elementor-column-gap-extended\">\n\t\t\t\t\t<div class=\"elementor-column elementor-col-100 elementor-top-column elementor-element elementor-element-3954352\" data-id=\"3954352\" data-element_type=\"column\">\n\t\t\t<div class=\"elementor-widget-wrap elementor-element-populated\">\n\t\t\t\t\t\t<section class=\"elementor-section elementor-inner-section elementor-element elementor-element-89c0820 elementor-section-boxed elementor-section-height-default elementor-section-height-default\" data-id=\"89c0820\" data-element_type=\"section\">\n\t\t\t\t\t\t<div class=\"elementor-container elementor-column-gap-extended\">\n\t\t\t\t\t<div class=\"elementor-column elementor-col-100 elementor-inner-column elementor-element elementor-element-3f112a5\" data-id=\"3f112a5\" data-element_type=\"column\">\n\t\t\t<div class=\"elementor-widget-wrap elementor-element-populated\">\n\t\t\t\t\t\t<div class=\"elementor-element elementor-element-cd9c466 elementor-widget elementor-widget-text-editor\" data-id=\"cd9c466\" data-element_type=\"widget\" data-widget_type=\"text-editor.default\">\n\t\t\t\t<div class=\"elementor-widget-container\">\n\t\t\t\t\t\t\t<div class=\"running anim-loop-right\"><div class=\"running_inner\" aria-hidden=\"true\"><div class=\"item white-space \">galei.cl Ventas de insumos. \u00a1Muy pronto podr\u00e1s disfrutar de la experiencia de comprar con un solo clic y recibir tus pedidos en las intercomunas de Concepci\u00f3n, Talcahuano, Hualp\u00e9n, San Pedro de la Paz, Penco y Chiguayante!<\/div><\/div><\/div>\t\t\t\t\t\t<\/div>\n\t\t\t\t<\/div>\n\t\t\t\t\t<\/div>\n\t\t<\/div>\n\t\t\t\t\t<\/div>\n\t\t<\/section>\n\t\t\t\t\t<\/div>\n\t\t<\/div>\n\t\t\t\t\t<\/div>\n\t\t<\/section>\n\t\t\t\t<section class=\"elementor-section elementor-top-section elementor-element elementor-element-de827ea elementor-section-boxed elementor-section-height-default elementor-section-height-default\" data-id=\"de827ea\" data-element_type=\"section\">\n\t\t\t\t\t\t<div class=\"elementor-container elementor-column-gap-default\">\n\t\t\t\t\t<div class=\"elementor-column elementor-col-100 elementor-top-column elementor-element elementor-element-2addc34\" data-id=\"2addc34\" data-element_type=\"column\">\n\t\t\t<div class=\"elementor-widget-wrap elementor-element-populated\">\n\t\t\t\t\t\t<div class=\"elementor-element elementor-element-99f3578 elementor-widget elementor-widget-image\" data-id=\"99f3578\" data-element_type=\"widget\" data-widget_type=\"image.default\">\n\t\t\t\t<div class=\"elementor-widget-container\">\n\t\t\t\t\t\t\t\t\t\t\t\t\t<img decoding=\"async\" src=\"https:\/\/galei.cl\/wp-content\/uploads\/2024\/09\/Pagina-en-Construccion-Final-b.jpg\" title=\"\" alt=\"\" loading=\"lazy\" \/>\t\t\t\t\t\t\t\t\t\t\t\t\t<\/div>\n\t\t\t\t<\/div>\n\t\t\t\t\t<\/div>\n\t\t<\/div>\n\t\t\t\t\t<\/div>\n\t\t<\/section>\n\t\t\t\t<\/div>\n\t\t","protected":false},"excerpt":{"rendered":"<p>galei.cl Ventas de insumos. \u00a1Muy pronto podr\u00e1s disfrutar de la experiencia de comprar con un solo clic y recibir tus pedidos en las intercomunas de Concepci\u00f3n, Talcahuano, Hualp\u00e9n, San Pedro de la Paz, Penco y Chiguayante!<\/p>\n","protected":false},"author":1,"featured_media":0,"parent":0,"menu_order":0,"comment_status":"closed","ping_status":"closed","template":"","meta":{"_monsterinsights_skip_tracking":false,"_monsterinsights_sitenote_active":false,"_monsterinsights_sitenote_note":"","_monsterinsights_sitenote_category":0,"footnotes":""},"jetpack_sharing_enabled":true,"_links":{"self":[{"href":"https:\/\/galei.cl\/index.php\/wp-json\/wp\/v2\/pages\/14832"}],"collection":[{"href":"https:\/\/galei.cl\/index.php\/wp-json\/wp\/v2\/pages"}],"about":[{"href":"https:\/\/galei.cl\/index.php\/wp-json\/wp\/v2\/types\/page"}],"author":[{"embeddable":true,"href":"https:\/\/galei.cl\/index.php\/wp-json\/wp\/v2\/users\/1"}],"replies":[{"embeddable":true,"href":"https:\/\/galei.cl\/index.php\/wp-json\/wp\/v2\/comments?post=14832"}],"version-history":[{"count":16,"href":"https:\/\/galei.cl\/index.php\/wp-json\/wp\/v2\/pages\/14832\/revisions"}],"predecessor-version":[{"id":14947,"href":"https:\/\/galei.cl\/index.php\/wp-json\/wp\/v2\/pages\/14832\/revisions\/14947"}],"wp:attachment":[{"href":"https:\/\/galei.cl\/index.php\/wp-json\/wp\/v2\/media?parent=14832"}],"curies":[{"name":"wp","href":"https:\/\/api.w.org\/{rel}","templated":true}]}}