{"id":15554,"date":"2024-09-27T17:38:21","date_gmt":"2024-09-27T20:38:21","guid":{"rendered":"https:\/\/galei.cl\/?page_id=15554"},"modified":"2026-03-04T10:26:48","modified_gmt":"2026-03-04T13:26:48","slug":"contactanos","status":"publish","type":"page","link":"https:\/\/galei.cl\/index.php\/contactanos\/","title":{"rendered":"Cont\u00e1ctanos"},"content":{"rendered":"\t\t<div data-elementor-type=\"wp-page\" data-elementor-id=\"15554\" class=\"elementor elementor-15554\" data-elementor-post-type=\"page\">\n\t\t\t\t\t\t<section class=\"elementor-section elementor-top-section elementor-element elementor-element-4918164 elementor-section-boxed elementor-section-height-default elementor-section-height-default\" data-id=\"4918164\" data-element_type=\"section\">\n\t\t\t\t\t\t<div class=\"elementor-container elementor-column-gap-default\">\n\t\t\t\t\t<div class=\"elementor-column elementor-col-100 elementor-top-column elementor-element elementor-element-9448b06\" data-id=\"9448b06\" data-element_type=\"column\">\n\t\t\t<div class=\"elementor-widget-wrap elementor-element-populated\">\n\t\t\t\t\t\t<div class=\"elementor-element elementor-element-8f061b8 elementor-nav-menu__align-left elementor-widget__width-initial elementor-fixed elementor-hidden-desktop elementor-hidden-tablet elementor-nav-menu--dropdown-tablet elementor-nav-menu__text-align-aside elementor-nav-menu--toggle elementor-nav-menu--burger elementor-widget elementor-widget-nav-menu\" data-id=\"8f061b8\" data-element_type=\"widget\" data-settings=\"{&quot;_position&quot;:&quot;fixed&quot;,&quot;layout&quot;:&quot;horizontal&quot;,&quot;submenu_icon&quot;:{&quot;value&quot;:&quot;&lt;i class=\\&quot;fas fa-caret-down\\&quot;&gt;&lt;\\\/i&gt;&quot;,&quot;library&quot;:&quot;fa-solid&quot;},&quot;toggle&quot;:&quot;burger&quot;}\" data-widget_type=\"nav-menu.default\">\n\t\t\t\t<div class=\"elementor-widget-container\">\n\t\t\t\t\t\t<nav class=\"elementor-nav-menu--main elementor-nav-menu__container elementor-nav-menu--layout-horizontal e--pointer-underline e--animation-fade\">\n\t\t\t\t<ul id=\"menu-1-8f061b8\" class=\"elementor-nav-menu\"><li class=\"menu-item menu-item-type-custom menu-item-object-custom menu-item-15588\"><a href=\"https:\/\/galei.cl\/wp-content\/uploads\/2024\/10\/CATALOGO-DE-PRODUCTOS-GALEI-1.pdf\" class=\"elementor-item\">Descargar Catalogo<\/a><\/li>\n<li class=\"menu-item menu-item-type-custom menu-item-object-custom menu-item-15519\"><a href=\"https:\/\/galei.cl\/index.php\/categoria-producto\/potes\/\" class=\"elementor-item\">Potes<\/a><\/li>\n<li class=\"menu-item menu-item-type-custom menu-item-object-custom menu-item-15520\"><a href=\"https:\/\/galei.cl\/index.php\/etiqueta-producto\/envases\/\" class=\"elementor-item\">Envases<\/a><\/li>\n<li class=\"menu-item menu-item-type-custom menu-item-object-custom menu-item-15521\"><a href=\"https:\/\/galei.cl\/index.php\/categoria-producto\/contenedor-de-aluminio\/\" class=\"elementor-item\">Contenedor de Aluminio<\/a><\/li>\n<li class=\"menu-item menu-item-type-custom menu-item-object-custom menu-item-15522\"><a href=\"https:\/\/galei.cl\/index.php\/etiqueta-producto\/bandeja\/\" class=\"elementor-item\">Bandejas<\/a><\/li>\n<li class=\"menu-item menu-item-type-custom menu-item-object-custom menu-item-15523\"><a href=\"https:\/\/galei.cl\/index.php\/categoria-producto\/platos\/\" class=\"elementor-item\">Platos<\/a><\/li>\n<li class=\"menu-item menu-item-type-custom menu-item-object-custom menu-item-15524\"><a href=\"https:\/\/galei.cl\/index.php\/categoria-producto\/vasos\/\" class=\"elementor-item\">Vasos<\/a><\/li>\n<li class=\"menu-item menu-item-type-custom menu-item-object-custom menu-item-15525\"><a href=\"https:\/\/galei.cl\/index.php\/categoria-producto\/cubiertos\/?orderby=sku_desc\" class=\"elementor-item\">Cubiertos<\/a><\/li>\n<li class=\"menu-item menu-item-type-custom menu-item-object-custom menu-item-15682\"><a href=\"https:\/\/galei.cl\/index.php\/categoria-producto\/servilletas\/?orderby=sku_desc\" class=\"elementor-item\">Servilletas\/Toallas\/Papel<\/a><\/li>\n<li class=\"menu-item menu-item-type-custom menu-item-object-custom menu-item-15526\"><a href=\"https:\/\/galei.cl\/index.php\/categoria-producto\/reposteria\/\" class=\"elementor-item\">Reposter\u00eda<\/a><\/li>\n<li class=\"menu-item menu-item-type-custom menu-item-object-custom menu-item-15725\"><a href=\"https:\/\/galei.cl\/index.php\/etiqueta-producto\/rollos\/?orderby=sku_desc\" class=\"elementor-item\">Rollos<\/a><\/li>\n<li class=\"menu-item menu-item-type-custom menu-item-object-custom menu-item-15527\"><a href=\"https:\/\/galei.cl\/index.php\/categoria-producto\/bolsas\/?orderby=sku_desc\" class=\"elementor-item\">Bolsas<\/a><\/li>\n<li class=\"menu-item menu-item-type-custom menu-item-object-custom menu-item-15528\"><a href=\"https:\/\/galei.cl\/index.php\/categoria-producto\/cajas\/\" class=\"elementor-item\">Cajas de Pizza\/Torta<\/a><\/li>\n<li class=\"menu-item menu-item-type-custom menu-item-object-custom menu-item-15529\"><a href=\"https:\/\/galei.cl\/index.php\/categoria-producto\/insumos-medicos\/?orderby=sku_desc\" class=\"elementor-item\">Insumos M\u00e9dicos<\/a><\/li>\n<li class=\"menu-item menu-item-type-custom menu-item-object-custom menu-item-15530\"><a href=\"https:\/\/galei.cl\/index.php\/todos-los-productos\/\" class=\"elementor-item\">Todos<\/a><\/li>\n<\/ul>\t\t\t<\/nav>\n\t\t\t\t\t<div class=\"elementor-menu-toggle\" role=\"button\" tabindex=\"0\" aria-label=\"Menu Toggle\" aria-expanded=\"false\">\n\t\t\t<i aria-hidden=\"true\" role=\"presentation\" class=\"elementor-menu-toggle__icon--open eicon-menu-bar\"><\/i><i aria-hidden=\"true\" role=\"presentation\" class=\"elementor-menu-toggle__icon--close eicon-close\"><\/i>\t\t\t<span class=\"elementor-screen-only\">Menu<\/span>\n\t\t<\/div>\n\t\t\t\t\t<nav class=\"elementor-nav-menu--dropdown elementor-nav-menu__container\" aria-hidden=\"true\">\n\t\t\t\t<ul id=\"menu-2-8f061b8\" class=\"elementor-nav-menu\"><li class=\"menu-item menu-item-type-custom menu-item-object-custom menu-item-15588\"><a href=\"https:\/\/galei.cl\/wp-content\/uploads\/2024\/10\/CATALOGO-DE-PRODUCTOS-GALEI-1.pdf\" class=\"elementor-item\" tabindex=\"-1\">Descargar Catalogo<\/a><\/li>\n<li class=\"menu-item menu-item-type-custom menu-item-object-custom menu-item-15519\"><a href=\"https:\/\/galei.cl\/index.php\/categoria-producto\/potes\/\" class=\"elementor-item\" tabindex=\"-1\">Potes<\/a><\/li>\n<li class=\"menu-item menu-item-type-custom menu-item-object-custom menu-item-15520\"><a href=\"https:\/\/galei.cl\/index.php\/etiqueta-producto\/envases\/\" class=\"elementor-item\" tabindex=\"-1\">Envases<\/a><\/li>\n<li class=\"menu-item menu-item-type-custom menu-item-object-custom menu-item-15521\"><a href=\"https:\/\/galei.cl\/index.php\/categoria-producto\/contenedor-de-aluminio\/\" class=\"elementor-item\" tabindex=\"-1\">Contenedor de Aluminio<\/a><\/li>\n<li class=\"menu-item menu-item-type-custom menu-item-object-custom menu-item-15522\"><a href=\"https:\/\/galei.cl\/index.php\/etiqueta-producto\/bandeja\/\" class=\"elementor-item\" tabindex=\"-1\">Bandejas<\/a><\/li>\n<li class=\"menu-item menu-item-type-custom menu-item-object-custom menu-item-15523\"><a href=\"https:\/\/galei.cl\/index.php\/categoria-producto\/platos\/\" class=\"elementor-item\" tabindex=\"-1\">Platos<\/a><\/li>\n<li class=\"menu-item menu-item-type-custom menu-item-object-custom menu-item-15524\"><a href=\"https:\/\/galei.cl\/index.php\/categoria-producto\/vasos\/\" class=\"elementor-item\" tabindex=\"-1\">Vasos<\/a><\/li>\n<li class=\"menu-item menu-item-type-custom menu-item-object-custom menu-item-15525\"><a href=\"https:\/\/galei.cl\/index.php\/categoria-producto\/cubiertos\/?orderby=sku_desc\" class=\"elementor-item\" tabindex=\"-1\">Cubiertos<\/a><\/li>\n<li class=\"menu-item menu-item-type-custom menu-item-object-custom menu-item-15682\"><a href=\"https:\/\/galei.cl\/index.php\/categoria-producto\/servilletas\/?orderby=sku_desc\" class=\"elementor-item\" tabindex=\"-1\">Servilletas\/Toallas\/Papel<\/a><\/li>\n<li class=\"menu-item menu-item-type-custom menu-item-object-custom menu-item-15526\"><a href=\"https:\/\/galei.cl\/index.php\/categoria-producto\/reposteria\/\" class=\"elementor-item\" tabindex=\"-1\">Reposter\u00eda<\/a><\/li>\n<li class=\"menu-item menu-item-type-custom menu-item-object-custom menu-item-15725\"><a href=\"https:\/\/galei.cl\/index.php\/etiqueta-producto\/rollos\/?orderby=sku_desc\" class=\"elementor-item\" tabindex=\"-1\">Rollos<\/a><\/li>\n<li class=\"menu-item menu-item-type-custom menu-item-object-custom menu-item-15527\"><a href=\"https:\/\/galei.cl\/index.php\/categoria-producto\/bolsas\/?orderby=sku_desc\" class=\"elementor-item\" tabindex=\"-1\">Bolsas<\/a><\/li>\n<li class=\"menu-item menu-item-type-custom menu-item-object-custom menu-item-15528\"><a href=\"https:\/\/galei.cl\/index.php\/categoria-producto\/cajas\/\" class=\"elementor-item\" tabindex=\"-1\">Cajas de Pizza\/Torta<\/a><\/li>\n<li class=\"menu-item menu-item-type-custom menu-item-object-custom menu-item-15529\"><a href=\"https:\/\/galei.cl\/index.php\/categoria-producto\/insumos-medicos\/?orderby=sku_desc\" class=\"elementor-item\" tabindex=\"-1\">Insumos M\u00e9dicos<\/a><\/li>\n<li class=\"menu-item menu-item-type-custom menu-item-object-custom menu-item-15530\"><a href=\"https:\/\/galei.cl\/index.php\/todos-los-productos\/\" class=\"elementor-item\" tabindex=\"-1\">Todos<\/a><\/li>\n<\/ul>\t\t\t<\/nav>\n\t\t\t\t<\/div>\n\t\t\t\t<\/div>\n\t\t\t\t\t<\/div>\n\t\t<\/div>\n\t\t\t\t\t<\/div>\n\t\t<\/section>\n\t\t\t\t<section class=\"elementor-section elementor-top-section elementor-element elementor-element-d561623 elementor-section-boxed elementor-section-height-default elementor-section-height-default\" data-id=\"d561623\" data-element_type=\"section\">\n\t\t\t\t\t\t\t<div class=\"elementor-background-overlay\"><\/div>\n\t\t\t\t\t\t\t<div class=\"elementor-container elementor-column-gap-default\">\n\t\t\t\t\t<div class=\"elementor-column elementor-col-100 elementor-top-column elementor-element elementor-element-979ccbd\" data-id=\"979ccbd\" data-element_type=\"column\">\n\t\t\t<div class=\"elementor-widget-wrap elementor-element-populated\">\n\t\t\t\t\t\t<div class=\"elementor-element elementor-element-efd4e67 elementor-widget elementor-widget-text-editor\" data-id=\"efd4e67\" data-element_type=\"widget\" data-widget_type=\"text-editor.default\">\n\t\t\t\t<div class=\"elementor-widget-container\">\n\t\t\t\t\t\t\t<p>Informaci\u00f3n de Contacto<\/p>\t\t\t\t\t\t<\/div>\n\t\t\t\t<\/div>\n\t\t\t\t\t<\/div>\n\t\t<\/div>\n\t\t\t\t\t<\/div>\n\t\t<\/section>\n\t\t\t\t<section class=\"elementor-section elementor-top-section elementor-element elementor-element-9e680ee elementor-section-boxed elementor-section-height-default elementor-section-height-default\" data-id=\"9e680ee\" data-element_type=\"section\">\n\t\t\t\t\t\t<div class=\"elementor-container elementor-column-gap-default\">\n\t\t\t\t\t<div class=\"elementor-column elementor-col-50 elementor-top-column elementor-element elementor-element-da52909\" data-id=\"da52909\" data-element_type=\"column\">\n\t\t\t<div class=\"elementor-widget-wrap elementor-element-populated\">\n\t\t\t\t\t\t<div class=\"elementor-element elementor-element-a52e7a1 elementor-widget elementor-widget-text-editor\" data-id=\"a52e7a1\" data-element_type=\"widget\" data-widget_type=\"text-editor.default\">\n\t\t\t\t<div class=\"elementor-widget-container\">\n\t\t\t\t\t\t\t<p>\ud83d\udccd <strong>Direcci\u00f3n:<\/strong><\/p>\t\t\t\t\t\t<\/div>\n\t\t\t\t<\/div>\n\t\t\t\t<div class=\"elementor-element elementor-element-b50207e elementor-widget elementor-widget-text-editor\" data-id=\"b50207e\" data-element_type=\"widget\" data-widget_type=\"text-editor.default\">\n\t\t\t\t<div class=\"elementor-widget-container\">\n\t\t\t\t\t\t\t<p>Ubicados en Concepci\u00f3n<\/p>\t\t\t\t\t\t<\/div>\n\t\t\t\t<\/div>\n\t\t\t\t<div class=\"elementor-element elementor-element-9c45dc9 elementor-widget elementor-widget-text-editor\" data-id=\"9c45dc9\" data-element_type=\"widget\" data-widget_type=\"text-editor.default\">\n\t\t\t\t<div class=\"elementor-widget-container\">\n\t\t\t\t\t\t\t<p><strong>\ud83d\udcde Tel\u00e9fono:<\/strong><\/p>\t\t\t\t\t\t<\/div>\n\t\t\t\t<\/div>\n\t\t\t\t<div class=\"elementor-element elementor-element-d8af1e6 elementor-widget elementor-widget-text-editor\" data-id=\"d8af1e6\" data-element_type=\"widget\" data-widget_type=\"text-editor.default\">\n\t\t\t\t<div class=\"elementor-widget-container\">\n\t\t\t\t\t\t\t<p>41-2465533<br \/>+56-9-90475815<\/p>\t\t\t\t\t\t<\/div>\n\t\t\t\t<\/div>\n\t\t\t\t<div class=\"elementor-element elementor-element-777b504 elementor-widget elementor-widget-text-editor\" data-id=\"777b504\" data-element_type=\"widget\" data-widget_type=\"text-editor.default\">\n\t\t\t\t<div class=\"elementor-widget-container\">\n\t\t\t\t\t\t\t<p><strong>\u2709\ufe0f Email:<\/strong><\/p>\t\t\t\t\t\t<\/div>\n\t\t\t\t<\/div>\n\t\t\t\t<div class=\"elementor-element elementor-element-77c9acd elementor-widget elementor-widget-text-editor\" data-id=\"77c9acd\" data-element_type=\"widget\" data-widget_type=\"text-editor.default\">\n\t\t\t\t<div class=\"elementor-widget-container\">\n\t\t\t\t\t\t\t<p>ventasweb@galei.cl<\/p>\t\t\t\t\t\t<\/div>\n\t\t\t\t<\/div>\n\t\t\t\t<div class=\"elementor-element elementor-element-a0372d2 elementor-widget elementor-widget-google_maps\" data-id=\"a0372d2\" data-element_type=\"widget\" data-widget_type=\"google_maps.default\">\n\t\t\t\t<div class=\"elementor-widget-container\">\n\t\t\t\t\t<div class=\"elementor-custom-embed\">\n\t\t\t<iframe loading=\"lazy\"\n\t\t\t\t\tsrc=\"https:\/\/maps.google.com\/maps?q=Concepci%C3%B3n%2C%20B%C3%ADo%20B%C3%ADo%2C%20Chile&#038;t=m&#038;z=10&#038;output=embed&#038;iwloc=near\"\n\t\t\t\t\ttitle=\"Concepci\u00f3n, B\u00edo B\u00edo, Chile\"\n\t\t\t\t\taria-label=\"Concepci\u00f3n, B\u00edo B\u00edo, Chile\"\n\t\t\t><\/iframe>\n\t\t<\/div>\n\t\t\t\t<\/div>\n\t\t\t\t<\/div>\n\t\t\t\t\t<\/div>\n\t\t<\/div>\n\t\t\t\t<div class=\"elementor-column elementor-col-50 elementor-top-column elementor-element elementor-element-2455215\" data-id=\"2455215\" data-element_type=\"column\" data-settings=\"{&quot;background_background&quot;:&quot;classic&quot;}\">\n\t\t\t<div class=\"elementor-widget-wrap elementor-element-populated\">\n\t\t\t\t\t\t<div class=\"elementor-element elementor-element-b9dfa30 elementor-widget elementor-widget-text-editor\" data-id=\"b9dfa30\" data-element_type=\"widget\" data-widget_type=\"text-editor.default\">\n\t\t\t\t<div class=\"elementor-widget-container\">\n\t\t\t\t\t\t\t<p>Llene el Formulario y te Contactaremos<\/p>\t\t\t\t\t\t<\/div>\n\t\t\t\t<\/div>\n\t\t\t\t<div class=\"elementor-element elementor-element-0c76df2 elementor-widget elementor-widget-text-editor\" data-id=\"0c76df2\" data-element_type=\"widget\" data-widget_type=\"text-editor.default\">\n\t\t\t\t<div class=\"elementor-widget-container\">\n\t\t\t\t\t\t\t<p>Dentro de nuestro Horario de Trabajo.<\/p><p>Lunes a Viernes: 10:00am a 18:30hrs<br \/>S\u00e1bados: 10:00am a 14:00hrs<\/p>\t\t\t\t\t\t<\/div>\n\t\t\t\t<\/div>\n\t\t\t\t<div class=\"elementor-element elementor-element-1551afb elementor-widget elementor-widget-shortcode\" data-id=\"1551afb\" data-element_type=\"widget\" data-widget_type=\"shortcode.default\">\n\t\t\t\t<div class=\"elementor-widget-container\">\n\t\t\t\t\t<div class=\"elementor-shortcode\">\n<div class=\"wpcf7 no-js\" id=\"wpcf7-f7-o1\" lang=\"es-ES\" dir=\"ltr\">\n<div class=\"screen-reader-response\"><p role=\"status\" aria-live=\"polite\" aria-atomic=\"true\"><\/p> <ul><\/ul><\/div>\n<form action=\"\/index.php\/wp-json\/wp\/v2\/pages\/15554#wpcf7-f7-o1\" method=\"post\" class=\"wpcf7-form init\" aria-label=\"Formulario de contacto\" novalidate=\"novalidate\" data-status=\"init\">\n<div style=\"display: none;\">\n<input type=\"hidden\" name=\"_wpcf7\" value=\"7\" \/>\n<input type=\"hidden\" name=\"_wpcf7_version\" value=\"5.9.6\" \/>\n<input type=\"hidden\" name=\"_wpcf7_locale\" value=\"es_ES\" \/>\n<input type=\"hidden\" name=\"_wpcf7_unit_tag\" value=\"wpcf7-f7-o1\" \/>\n<input type=\"hidden\" name=\"_wpcf7_container_post\" value=\"0\" \/>\n<input type=\"hidden\" name=\"_wpcf7_posted_data_hash\" value=\"\" \/>\n<\/div>\n<p><label> Nombre:<br \/>\n<span class=\"wpcf7-form-control-wrap\" data-name=\"your-name\"><input size=\"40\" maxlength=\"80\" class=\"wpcf7-form-control wpcf7-text wpcf7-validates-as-required\" autocomplete=\"name\" aria-required=\"true\" aria-invalid=\"false\" value=\"\" type=\"text\" name=\"your-name\" \/><\/span> <\/label>\n<\/p>\n<p><label> Tel\u00e9fono:<br \/>\n<span class=\"wpcf7-form-control-wrap\" data-name=\"your-tel\"><input size=\"40\" maxlength=\"80\" class=\"wpcf7-form-control wpcf7-tel wpcf7-validates-as-required wpcf7-text wpcf7-validates-as-tel\" aria-required=\"true\" aria-invalid=\"false\" value=\"\" type=\"tel\" name=\"your-tel\" \/><\/span> <\/label>\n<\/p>\n<p><label> Email:<br \/>\n<span class=\"wpcf7-form-control-wrap\" data-name=\"your-email\"><input size=\"40\" maxlength=\"80\" class=\"wpcf7-form-control wpcf7-email wpcf7-validates-as-required wpcf7-text wpcf7-validates-as-email\" autocomplete=\"email\" aria-required=\"true\" aria-invalid=\"false\" value=\"\" type=\"email\" name=\"your-email\" \/><\/span> <\/label>\n<\/p>\n<p><label> Tu mensaje:<br \/>\n<span class=\"wpcf7-form-control-wrap\" data-name=\"your-message\"><textarea cols=\"40\" rows=\"10\" maxlength=\"400\" class=\"wpcf7-form-control wpcf7-textarea wpcf7-validates-as-required\" aria-required=\"true\" aria-invalid=\"false\" name=\"your-message\"><\/textarea><\/span> <\/label>\n<\/p>\n<p><input class=\"wpcf7-form-control wpcf7-submit has-spinner\" type=\"submit\" value=\"Enviar\" \/>\n<\/p><div class=\"wpcf7-response-output\" aria-hidden=\"true\"><\/div>\n<\/form>\n<\/div>\n<\/div>\n\t\t\t\t<\/div>\n\t\t\t\t<\/div>\n\t\t\t\t\t<\/div>\n\t\t<\/div>\n\t\t\t\t\t<\/div>\n\t\t<\/section>\n\t\t\t\t<section class=\"elementor-section elementor-top-section elementor-element elementor-element-cfaeca0 elementor-section-boxed elementor-section-height-default elementor-section-height-default\" data-id=\"cfaeca0\" data-element_type=\"section\">\n\t\t\t\t\t\t<div class=\"elementor-container elementor-column-gap-default\">\n\t\t\t\t\t<div class=\"elementor-column elementor-col-50 elementor-top-column elementor-element elementor-element-6faabc2\" data-id=\"6faabc2\" data-element_type=\"column\">\n\t\t\t<div class=\"elementor-widget-wrap elementor-element-populated\">\n\t\t\t\t\t\t<div class=\"elementor-element elementor-element-d560c1a elementor-hidden-mobile elementor-widget elementor-widget-image\" data-id=\"d560c1a\" data-element_type=\"widget\" data-widget_type=\"image.default\">\n\t\t\t\t<div class=\"elementor-widget-container\">\n\t\t\t\t\t\t\t\t\t\t\t\t\t<img fetchpriority=\"high\" decoding=\"async\" width=\"660\" height=\"169\" src=\"https:\/\/galei.cl\/wp-content\/uploads\/2024\/09\/Envio-de-productos-desechables-Galei-1.jpg\" class=\"attachment-large size-large wp-image-14988\" alt=\"\" srcset=\"https:\/\/galei.cl\/wp-content\/uploads\/2024\/09\/Envio-de-productos-desechables-Galei-1.jpg 681w, https:\/\/galei.cl\/wp-content\/uploads\/2024\/09\/Envio-de-productos-desechables-Galei-1-300x77.jpg 300w, https:\/\/galei.cl\/wp-content\/uploads\/2024\/09\/Envio-de-productos-desechables-Galei-1-600x153.jpg 600w\" sizes=\"(max-width: 660px) 100vw, 660px\" \/>\t\t\t\t\t\t\t\t\t\t\t\t\t<\/div>\n\t\t\t\t<\/div>\n\t\t\t\t\t<\/div>\n\t\t<\/div>\n\t\t\t\t<div class=\"elementor-column elementor-col-50 elementor-top-column elementor-element elementor-element-b85ce69\" data-id=\"b85ce69\" data-element_type=\"column\">\n\t\t\t<div class=\"elementor-widget-wrap elementor-element-populated\">\n\t\t\t\t\t\t<div class=\"elementor-element elementor-element-3c9c4a6 elementor-widget elementor-widget-image\" data-id=\"3c9c4a6\" data-element_type=\"widget\" data-widget_type=\"image.default\">\n\t\t\t\t<div class=\"elementor-widget-container\">\n\t\t\t\t\t\t\t\t\t\t\t\t\t<img decoding=\"async\" width=\"660\" height=\"169\" src=\"https:\/\/galei.cl\/wp-content\/uploads\/2024\/09\/productos-desechables-en-concpcion-Galei-1.jpg\" class=\"attachment-large size-large wp-image-14987\" alt=\"\" srcset=\"https:\/\/galei.cl\/wp-content\/uploads\/2024\/09\/productos-desechables-en-concpcion-Galei-1.jpg 680w, https:\/\/galei.cl\/wp-content\/uploads\/2024\/09\/productos-desechables-en-concpcion-Galei-1-300x77.jpg 300w, https:\/\/galei.cl\/wp-content\/uploads\/2024\/09\/productos-desechables-en-concpcion-Galei-1-600x154.jpg 600w\" sizes=\"(max-width: 660px) 100vw, 660px\" \/>\t\t\t\t\t\t\t\t\t\t\t\t\t<\/div>\n\t\t\t\t<\/div>\n\t\t\t\t\t<\/div>\n\t\t<\/div>\n\t\t\t\t\t<\/div>\n\t\t<\/section>\n\t\t\t\t<section class=\"elementor-section elementor-top-section elementor-element elementor-element-1dad6b2 elementor-section-boxed elementor-section-height-default elementor-section-height-default\" data-id=\"1dad6b2\" data-element_type=\"section\">\n\t\t\t\t\t\t<div class=\"elementor-container elementor-column-gap-default\">\n\t\t\t\t\t<div class=\"elementor-column elementor-col-100 elementor-top-column elementor-element elementor-element-45b1dd7\" data-id=\"45b1dd7\" data-element_type=\"column\">\n\t\t\t<div class=\"elementor-widget-wrap elementor-element-populated\">\n\t\t\t\t\t\t<div class=\"elementor-element elementor-element-e8de481 elementor-hidden-desktop elementor-hidden-tablet elementor-widget elementor-widget-image\" data-id=\"e8de481\" data-element_type=\"widget\" data-widget_type=\"image.default\">\n\t\t\t\t<div class=\"elementor-widget-container\">\n\t\t\t\t\t\t\t\t\t\t\t\t\t<img fetchpriority=\"high\" decoding=\"async\" width=\"660\" height=\"169\" src=\"https:\/\/galei.cl\/wp-content\/uploads\/2024\/09\/Envio-de-productos-desechables-Galei-1.jpg\" class=\"attachment-large size-large wp-image-14988\" alt=\"\" srcset=\"https:\/\/galei.cl\/wp-content\/uploads\/2024\/09\/Envio-de-productos-desechables-Galei-1.jpg 681w, https:\/\/galei.cl\/wp-content\/uploads\/2024\/09\/Envio-de-productos-desechables-Galei-1-300x77.jpg 300w, https:\/\/galei.cl\/wp-content\/uploads\/2024\/09\/Envio-de-productos-desechables-Galei-1-600x153.jpg 600w\" sizes=\"(max-width: 660px) 100vw, 660px\" \/>\t\t\t\t\t\t\t\t\t\t\t\t\t<\/div>\n\t\t\t\t<\/div>\n\t\t\t\t\t<\/div>\n\t\t<\/div>\n\t\t\t\t\t<\/div>\n\t\t<\/section>\n\t\t\t\t<section class=\"elementor-section elementor-top-section elementor-element elementor-element-c4d3e16 elementor-section-stretched elementor-section-boxed elementor-section-height-default elementor-section-height-default\" data-id=\"c4d3e16\" data-element_type=\"section\" data-settings=\"{&quot;stretch_section&quot;:&quot;section-stretched&quot;,&quot;background_background&quot;:&quot;classic&quot;}\">\n\t\t\t\t\t\t<div class=\"elementor-container elementor-column-gap-extended\">\n\t\t\t\t\t<div class=\"elementor-column elementor-col-100 elementor-top-column elementor-element elementor-element-3954352\" data-id=\"3954352\" data-element_type=\"column\">\n\t\t\t<div class=\"elementor-widget-wrap elementor-element-populated\">\n\t\t\t\t\t\t<section class=\"elementor-section elementor-inner-section elementor-element elementor-element-89c0820 elementor-section-boxed elementor-section-height-default elementor-section-height-default\" data-id=\"89c0820\" data-element_type=\"section\">\n\t\t\t\t\t\t<div class=\"elementor-container elementor-column-gap-extended\">\n\t\t\t\t\t<div class=\"elementor-column elementor-col-100 elementor-inner-column elementor-element elementor-element-3f112a5\" data-id=\"3f112a5\" data-element_type=\"column\">\n\t\t\t<div class=\"elementor-widget-wrap elementor-element-populated\">\n\t\t\t\t\t\t<div class=\"elementor-element elementor-element-1741e9a elementor-widget elementor-widget-text-editor\" data-id=\"1741e9a\" data-element_type=\"widget\" data-widget_type=\"text-editor.default\">\n\t\t\t\t<div class=\"elementor-widget-container\">\n\t\t\t\t\t\t\t<div class=\"running anim-loop-right\"><div class=\"running_inner\" aria-hidden=\"true\"><div class=\"item white-space \">galei.cl Ventas de insumos. \u00a1Muy pronto podr\u00e1s disfrutar de la experiencia de comprar con un solo clic y recibir tus pedidos en las intercomunas de Concepci\u00f3n, Talcahuano, Hualp\u00e9n, San Pedro de la Paz, Penco y Chiguayante!<\/div><\/div><\/div>\t\t\t\t\t\t<\/div>\n\t\t\t\t<\/div>\n\t\t\t\t\t<\/div>\n\t\t<\/div>\n\t\t\t\t\t<\/div>\n\t\t<\/section>\n\t\t\t\t\t<\/div>\n\t\t<\/div>\n\t\t\t\t\t<\/div>\n\t\t<\/section>\n\t\t\t\t<\/div>\n\t\t","protected":false},"excerpt":{"rendered":"<p>Informaci\u00f3n de Contacto \ud83d\udccd Direcci\u00f3n: Ubicados en Concepci\u00f3n \ud83d\udcde Tel\u00e9fono: 41-2465533+56-9-90475815 \u2709\ufe0f Email: ventasweb@galei.cl Llene el Formulario y te Contactaremos Dentro de nuestro Horario de Trabajo. Lunes a Viernes: 10:00am a 18:30hrsS\u00e1bados: 10:00am a 14:00hrs galei.cl Ventas de insumos. \u00a1Muy pronto podr\u00e1s disfrutar de la experiencia de comprar con un solo clic y recibir tus &hellip; <br \/><a href=\"https:\/\/galei.cl\/index.php\/contactanos\/\" class=\"more-link\">Continue reading <span class=\"screen-reader-text\">Cont\u00e1ctanos<\/span><\/a><\/p>\n","protected":false},"author":1,"featured_media":0,"parent":0,"menu_order":0,"comment_status":"closed","ping_status":"closed","template":"","meta":{"_monsterinsights_skip_tracking":false,"_monsterinsights_sitenote_active":false,"_monsterinsights_sitenote_note":"","_monsterinsights_sitenote_category":0,"footnotes":""},"jetpack_sharing_enabled":true,"_links":{"self":[{"href":"https:\/\/galei.cl\/index.php\/wp-json\/wp\/v2\/pages\/15554"}],"collection":[{"href":"https:\/\/galei.cl\/index.php\/wp-json\/wp\/v2\/pages"}],"about":[{"href":"https:\/\/galei.cl\/index.php\/wp-json\/wp\/v2\/types\/page"}],"author":[{"embeddable":true,"href":"https:\/\/galei.cl\/index.php\/wp-json\/wp\/v2\/users\/1"}],"replies":[{"embeddable":true,"href":"https:\/\/galei.cl\/index.php\/wp-json\/wp\/v2\/comments?post=15554"}],"version-history":[{"count":19,"href":"https:\/\/galei.cl\/index.php\/wp-json\/wp\/v2\/pages\/15554\/revisions"}],"predecessor-version":[{"id":15908,"href":"https:\/\/galei.cl\/index.php\/wp-json\/wp\/v2\/pages\/15554\/revisions\/15908"}],"wp:attachment":[{"href":"https:\/\/galei.cl\/index.php\/wp-json\/wp\/v2\/media?parent=15554"}],"curies":[{"name":"wp","href":"https:\/\/api.w.org\/{rel}","templated":true}]}}