{"id":15041,"date":"2024-09-25T18:21:23","date_gmt":"2024-09-25T21:21:23","guid":{"rendered":"https:\/\/galei.cl\/?post_type=product&#038;p=15041"},"modified":"2025-09-30T13:06:56","modified_gmt":"2025-09-30T16:06:56","slug":"pote-transparente-250-cc","status":"publish","type":"product","link":"https:\/\/galei.cl\/index.php\/producto\/pote-transparente-250-cc\/","title":{"rendered":"POTE TRANSPARENTE  250cc"},"content":{"rendered":"<p>Pote transparente de 250cc, ideal para almacenar alimentos, l\u00edquidos o productos de uso cotidiano, elaborado en polipropileno (tapas se venden por separado), con un dise\u00f1o compacto y pr\u00e1ctico.<\/p>\n<p>Tama\u00f1o: 250 cc<br \/>\nPaquete de Venta: 100 unidades.<br \/>\n<strong>NO INCLUYE LA TAPA<\/strong><\/p>\n<p>Unidades por Caja: 800.<\/p>\n<p>&nbsp;<\/p>\n","protected":false},"excerpt":{"rendered":"<p><strong>POTE TRANSPARENTE 250CC<\/strong><br \/>\nTama\u00f1o: 250 cc<br \/>\nPaquete de Venta: 100 unidades.<\/p>\n<p><strong>NO INCLUYE LA TAPA<\/strong><\/p>\n","protected":false},"featured_media":14878,"comment_status":"open","ping_status":"closed","template":"","meta":{"_monsterinsights_skip_tracking":false,"_monsterinsights_sitenote_active":false,"_monsterinsights_sitenote_note":"","_monsterinsights_sitenote_category":0},"product_cat":[234,233,36],"product_tag":[288],"jetpack_sharing_enabled":true,"_links":{"self":[{"href":"https:\/\/galei.cl\/index.php\/wp-json\/wp\/v2\/product\/15041"}],"collection":[{"href":"https:\/\/galei.cl\/index.php\/wp-json\/wp\/v2\/product"}],"about":[{"href":"https:\/\/galei.cl\/index.php\/wp-json\/wp\/v2\/types\/product"}],"replies":[{"embeddable":true,"href":"https:\/\/galei.cl\/index.php\/wp-json\/wp\/v2\/comments?post=15041"}],"wp:featuredmedia":[{"embeddable":true,"href":"https:\/\/galei.cl\/index.php\/wp-json\/wp\/v2\/media\/14878"}],"wp:attachment":[{"href":"https:\/\/galei.cl\/index.php\/wp-json\/wp\/v2\/media?parent=15041"}],"wp:term":[{"taxonomy":"product_cat","embeddable":true,"href":"https:\/\/galei.cl\/index.php\/wp-json\/wp\/v2\/product_cat?post=15041"},{"taxonomy":"product_tag","embeddable":true,"href":"https:\/\/galei.cl\/index.php\/wp-json\/wp\/v2\/product_tag?post=15041"}],"curies":[{"name":"wp","href":"https:\/\/api.w.org\/{rel}","templated":true}]}}