{"id":15043,"date":"2024-09-25T19:13:07","date_gmt":"2024-09-25T22:13:07","guid":{"rendered":"https:\/\/galei.cl\/?post_type=product&#038;p=15043"},"modified":"2025-09-30T13:06:43","modified_gmt":"2025-09-30T16:06:43","slug":"pote-bisagra-liso-225-gr","status":"publish","type":"product","link":"https:\/\/galei.cl\/index.php\/producto\/pote-bisagra-liso-225-gr\/","title":{"rendered":"POTE BISAGRA LISO 225gr"},"content":{"rendered":"<p>Pote bisagra liso de 225 gr, ideal para almacenar y transportar alimentos. Su dise\u00f1o con tapa integrada asegura un cierre pr\u00e1ctico y herm\u00e9tico, manteniendo la frescura de los productos.<\/p>\n<p>Tama\u00f1o: 225 cc<br \/>\nPaquete de Venta: 100 unidades.<\/p>\n<p>Unidades por Caja: 600.<\/p>\n<p>&nbsp;<\/p>\n","protected":false},"excerpt":{"rendered":"<p><strong>POTE BISAGRA LISO 225 GR<\/strong><br \/>\nTama\u00f1o: 225 cc<br \/>\nPaquete de Venta: 100 unidades.<\/p>\n","protected":false},"featured_media":14873,"comment_status":"open","ping_status":"closed","template":"","meta":{"_monsterinsights_skip_tracking":false,"_monsterinsights_sitenote_active":false,"_monsterinsights_sitenote_note":"","_monsterinsights_sitenote_category":0},"product_cat":[234,236,233,36],"product_tag":[288,282],"jetpack_sharing_enabled":true,"_links":{"self":[{"href":"https:\/\/galei.cl\/index.php\/wp-json\/wp\/v2\/product\/15043"}],"collection":[{"href":"https:\/\/galei.cl\/index.php\/wp-json\/wp\/v2\/product"}],"about":[{"href":"https:\/\/galei.cl\/index.php\/wp-json\/wp\/v2\/types\/product"}],"replies":[{"embeddable":true,"href":"https:\/\/galei.cl\/index.php\/wp-json\/wp\/v2\/comments?post=15043"}],"wp:featuredmedia":[{"embeddable":true,"href":"https:\/\/galei.cl\/index.php\/wp-json\/wp\/v2\/media\/14873"}],"wp:attachment":[{"href":"https:\/\/galei.cl\/index.php\/wp-json\/wp\/v2\/media?parent=15043"}],"wp:term":[{"taxonomy":"product_cat","embeddable":true,"href":"https:\/\/galei.cl\/index.php\/wp-json\/wp\/v2\/product_cat?post=15043"},{"taxonomy":"product_tag","embeddable":true,"href":"https:\/\/galei.cl\/index.php\/wp-json\/wp\/v2\/product_tag?post=15043"}],"curies":[{"name":"wp","href":"https:\/\/api.w.org\/{rel}","templated":true}]}}