{"id":15049,"date":"2024-09-25T19:30:13","date_gmt":"2024-09-25T22:30:13","guid":{"rendered":"https:\/\/galei.cl\/?post_type=product&#038;p=15049"},"modified":"2025-09-30T13:06:10","modified_gmt":"2025-09-30T16:06:10","slug":"estuche-rectangular-142-pet","status":"publish","type":"product","link":"https:\/\/galei.cl\/index.php\/producto\/estuche-rectangular-142-pet\/","title":{"rendered":"ESTUCHE RECTANGULAR 142 PET"},"content":{"rendered":"<p>Estuche PP con cierre seguro, f\u00e1cil de cerrar y abrir. Producto resistente al calor y pr\u00e1ctico para calentar todo tipo de comida, de alta calidad ideal para el transporte de platos preparados y de f\u00e1cil montaje, se puede utilizar en el microondas.<\/p>\n<p>Tama\u00f1o: 570 CC<br \/>\nPaquete de Venta: 100 unidades.<\/p>\n<p>Unidades por Caja: 400.<\/p>\n<p>&nbsp;<\/p>\n","protected":false},"excerpt":{"rendered":"<p><strong>ESTUCHE RECTANGULAR 142 PET<\/strong><br \/>\nTama\u00f1o: 570 CC<br \/>\nPaquete de Venta: 100 unidades.<\/p>\n","protected":false},"featured_media":14871,"comment_status":"open","ping_status":"closed","template":"","meta":{"_monsterinsights_skip_tracking":false,"_monsterinsights_sitenote_active":false,"_monsterinsights_sitenote_note":"","_monsterinsights_sitenote_category":0},"product_cat":[234,236,36],"product_tag":[288,282],"jetpack_sharing_enabled":true,"_links":{"self":[{"href":"https:\/\/galei.cl\/index.php\/wp-json\/wp\/v2\/product\/15049"}],"collection":[{"href":"https:\/\/galei.cl\/index.php\/wp-json\/wp\/v2\/product"}],"about":[{"href":"https:\/\/galei.cl\/index.php\/wp-json\/wp\/v2\/types\/product"}],"replies":[{"embeddable":true,"href":"https:\/\/galei.cl\/index.php\/wp-json\/wp\/v2\/comments?post=15049"}],"wp:featuredmedia":[{"embeddable":true,"href":"https:\/\/galei.cl\/index.php\/wp-json\/wp\/v2\/media\/14871"}],"wp:attachment":[{"href":"https:\/\/galei.cl\/index.php\/wp-json\/wp\/v2\/media?parent=15049"}],"wp:term":[{"taxonomy":"product_cat","embeddable":true,"href":"https:\/\/galei.cl\/index.php\/wp-json\/wp\/v2\/product_cat?post=15049"},{"taxonomy":"product_tag","embeddable":true,"href":"https:\/\/galei.cl\/index.php\/wp-json\/wp\/v2\/product_tag?post=15049"}],"curies":[{"name":"wp","href":"https:\/\/api.w.org\/{rel}","templated":true}]}}