{"id":15072,"date":"2024-09-26T05:01:07","date_gmt":"2024-09-26T08:01:07","guid":{"rendered":"https:\/\/galei.cl\/?post_type=product&#038;p=15072"},"modified":"2025-09-30T13:05:47","modified_gmt":"2025-09-30T16:05:47","slug":"pote-reposteria-5oz","status":"publish","type":"product","link":"https:\/\/galei.cl\/index.php\/producto\/pote-reposteria-5oz\/","title":{"rendered":"POTE REPOSTER\u00cdA  5oz"},"content":{"rendered":"<p>Pote de reposter\u00eda de 5 oz, ideal para porciones individuales de postres y dulces. Fabricado en material resistente, su dise\u00f1o compacto es perfecto para una presentaci\u00f3n atractiva y un f\u00e1cil almacenamiento.<\/p>\n<p>Tama\u00f1o: 5 oz<br \/>\nPaquete de Venta: 50 unidades.<\/p>\n<p><strong>NO INCLUYE LA TAPA<\/strong><\/p>\n<p>Unidades por Caja: 1000.<\/p>\n<p>&nbsp;<\/p>\n","protected":false},"excerpt":{"rendered":"<p><strong>POTE REPOSTER\u00cdA 5oz<\/strong><br \/>\nTama\u00f1o: 5 oz<br \/>\nPaquete de Venta: 50 unidades.<\/p>\n<p><strong>NO INCLUYE LA TAPA<\/strong><\/p>\n","protected":false},"featured_media":15059,"comment_status":"open","ping_status":"closed","template":"","meta":{"_monsterinsights_skip_tracking":false,"_monsterinsights_sitenote_active":false,"_monsterinsights_sitenote_note":"","_monsterinsights_sitenote_category":0},"product_cat":[234,233,237,36],"product_tag":[],"jetpack_sharing_enabled":true,"_links":{"self":[{"href":"https:\/\/galei.cl\/index.php\/wp-json\/wp\/v2\/product\/15072"}],"collection":[{"href":"https:\/\/galei.cl\/index.php\/wp-json\/wp\/v2\/product"}],"about":[{"href":"https:\/\/galei.cl\/index.php\/wp-json\/wp\/v2\/types\/product"}],"replies":[{"embeddable":true,"href":"https:\/\/galei.cl\/index.php\/wp-json\/wp\/v2\/comments?post=15072"}],"wp:featuredmedia":[{"embeddable":true,"href":"https:\/\/galei.cl\/index.php\/wp-json\/wp\/v2\/media\/15059"}],"wp:attachment":[{"href":"https:\/\/galei.cl\/index.php\/wp-json\/wp\/v2\/media?parent=15072"}],"wp:term":[{"taxonomy":"product_cat","embeddable":true,"href":"https:\/\/galei.cl\/index.php\/wp-json\/wp\/v2\/product_cat?post=15072"},{"taxonomy":"product_tag","embeddable":true,"href":"https:\/\/galei.cl\/index.php\/wp-json\/wp\/v2\/product_tag?post=15072"}],"curies":[{"name":"wp","href":"https:\/\/api.w.org\/{rel}","templated":true}]}}