{"id":15088,"date":"2024-09-26T05:32:46","date_gmt":"2024-09-26T08:32:46","guid":{"rendered":"https:\/\/galei.cl\/?post_type=product&#038;p=15088"},"modified":"2025-09-30T13:04:01","modified_gmt":"2025-09-30T16:04:01","slug":"tapa-papel-pote-kraft-16-oz","status":"publish","type":"product","link":"https:\/\/galei.cl\/index.php\/producto\/tapa-papel-pote-kraft-16-oz\/","title":{"rendered":"TAPA PAPEL POTE KRAFT 16oz"},"content":{"rendered":"<p>Tapa de papel para potes Kraft de 16oz, dise\u00f1ada para un ajuste seguro y un cierre herm\u00e9tico. Ideal para mantener la frescura de los alimentos y facilitar el transporte con un toque ecol\u00f3gico.<\/p>\n<p>Tapa para pote de Tama\u00f1o: 16 oz<br \/>\nPaquete de Venta: 25 unidades.<\/p>\n<p>Unidades por Caja: 500.<\/p>\n<p>&nbsp;<\/p>\n","protected":false},"excerpt":{"rendered":"<p><strong>TAPA PAPEL POTE KRAFT 16 OZ<\/strong><br \/>\nTapa para pote de Tama\u00f1o: 16 oz<br \/>\nPaquete de Venta: 25 unidades.<\/p>\n<p>&nbsp;<\/p>\n","protected":false},"featured_media":15084,"comment_status":"open","ping_status":"closed","template":"","meta":{"_monsterinsights_skip_tracking":false,"_monsterinsights_sitenote_active":false,"_monsterinsights_sitenote_note":"","_monsterinsights_sitenote_category":0},"product_cat":[239,233,36],"product_tag":[284,235],"jetpack_sharing_enabled":true,"_links":{"self":[{"href":"https:\/\/galei.cl\/index.php\/wp-json\/wp\/v2\/product\/15088"}],"collection":[{"href":"https:\/\/galei.cl\/index.php\/wp-json\/wp\/v2\/product"}],"about":[{"href":"https:\/\/galei.cl\/index.php\/wp-json\/wp\/v2\/types\/product"}],"replies":[{"embeddable":true,"href":"https:\/\/galei.cl\/index.php\/wp-json\/wp\/v2\/comments?post=15088"}],"wp:featuredmedia":[{"embeddable":true,"href":"https:\/\/galei.cl\/index.php\/wp-json\/wp\/v2\/media\/15084"}],"wp:attachment":[{"href":"https:\/\/galei.cl\/index.php\/wp-json\/wp\/v2\/media?parent=15088"}],"wp:term":[{"taxonomy":"product_cat","embeddable":true,"href":"https:\/\/galei.cl\/index.php\/wp-json\/wp\/v2\/product_cat?post=15088"},{"taxonomy":"product_tag","embeddable":true,"href":"https:\/\/galei.cl\/index.php\/wp-json\/wp\/v2\/product_tag?post=15088"}],"curies":[{"name":"wp","href":"https:\/\/api.w.org\/{rel}","templated":true}]}}