{"id":15139,"date":"2024-09-26T09:13:06","date_gmt":"2024-09-26T12:13:06","guid":{"rendered":"https:\/\/galei.cl\/?post_type=product&#038;p=15139"},"modified":"2025-09-30T13:00:22","modified_gmt":"2025-09-30T16:00:22","slug":"contenedor-de-aluminio-redonda-r80","status":"publish","type":"product","link":"https:\/\/galei.cl\/index.php\/producto\/contenedor-de-aluminio-redonda-r80\/","title":{"rendered":"CONTENEDOR de Aluminio R80 Redonda"},"content":{"rendered":"<p>Bandeja de aluminio redonda R80, perfecta para hornear, servir y transportar alimentos. Su dise\u00f1o redondeado y material resistente aseguran una cocci\u00f3n uniforme y un manejo pr\u00e1ctico.<\/p>\n<p>Tama\u00f1o: Alto 5 &#8211; Di\u00e1metro 19 cm<br \/>\nRecipiente de 730 CC<br \/>\nPaquete de Venta: 20 unidades.<\/p>\n<p>Unidades por Caja: 600.<\/p>\n<p>&nbsp;<\/p>\n","protected":false},"excerpt":{"rendered":"<p><strong>CONTENEDOR de Aluminio Redonda R80 <\/strong><\/p>\n<p>Tama\u00f1o: Alto 5 &#8211; Di\u00e1metro 19 cm<br \/>\nRecipiente de 730 CC<br \/>\nPaquete de Venta: 20 unidades.<\/p>\n","protected":false},"featured_media":15130,"comment_status":"open","ping_status":"closed","template":"","meta":{"_monsterinsights_skip_tracking":false,"_monsterinsights_sitenote_active":false,"_monsterinsights_sitenote_note":"","_monsterinsights_sitenote_category":0},"product_cat":[245,36],"product_tag":[],"jetpack_sharing_enabled":true,"_links":{"self":[{"href":"https:\/\/galei.cl\/index.php\/wp-json\/wp\/v2\/product\/15139"}],"collection":[{"href":"https:\/\/galei.cl\/index.php\/wp-json\/wp\/v2\/product"}],"about":[{"href":"https:\/\/galei.cl\/index.php\/wp-json\/wp\/v2\/types\/product"}],"replies":[{"embeddable":true,"href":"https:\/\/galei.cl\/index.php\/wp-json\/wp\/v2\/comments?post=15139"}],"wp:featuredmedia":[{"embeddable":true,"href":"https:\/\/galei.cl\/index.php\/wp-json\/wp\/v2\/media\/15130"}],"wp:attachment":[{"href":"https:\/\/galei.cl\/index.php\/wp-json\/wp\/v2\/media?parent=15139"}],"wp:term":[{"taxonomy":"product_cat","embeddable":true,"href":"https:\/\/galei.cl\/index.php\/wp-json\/wp\/v2\/product_cat?post=15139"},{"taxonomy":"product_tag","embeddable":true,"href":"https:\/\/galei.cl\/index.php\/wp-json\/wp\/v2\/product_tag?post=15139"}],"curies":[{"name":"wp","href":"https:\/\/api.w.org\/{rel}","templated":true}]}}