{"id":15151,"date":"2024-09-26T09:41:42","date_gmt":"2024-09-26T12:41:42","guid":{"rendered":"https:\/\/galei.cl\/?post_type=product&#038;p=15151"},"modified":"2024-09-26T09:52:16","modified_gmt":"2024-09-26T12:52:16","slug":"bowl-ovalado-18-cm","status":"publish","type":"product","link":"https:\/\/galei.cl\/index.php\/producto\/bowl-ovalado-18-cm\/","title":{"rendered":"BOWL  OVALADO 18cm"},"content":{"rendered":"<p>Bowl ovalado de 18 cm, ideal para servir ensaladas, guarniciones y otros alimentos. Su dise\u00f1o elegante y vers\u00e1til se adapta a cualquier mesa, y su tama\u00f1o es perfecto para porciones individuales o compartidas.<\/p>\n<p>Tama\u00f1o: Di\u00e1metro de 8cm &#8211; Alto 6cm<br \/>\nPaquete de Venta: 50 unidades.<\/p>\n<p>Unidades por Caja: 300.<\/p>\n<p>&nbsp;<\/p>\n","protected":false},"excerpt":{"rendered":"<p><strong>BOWL OVALADO 18 CM<\/strong><\/p>\n<p>Tama\u00f1o: Di\u00e1metro de 8cm &#8211; Alto 6cm<br \/>\nPaquete de Venta: 50 unidades.<\/p>\n","protected":false},"featured_media":15148,"comment_status":"open","ping_status":"closed","template":"","meta":{"_monsterinsights_skip_tracking":false,"_monsterinsights_sitenote_active":false,"_monsterinsights_sitenote_note":"","_monsterinsights_sitenote_category":0},"product_cat":[240,246,36],"product_tag":[],"jetpack_sharing_enabled":true,"_links":{"self":[{"href":"https:\/\/galei.cl\/index.php\/wp-json\/wp\/v2\/product\/15151"}],"collection":[{"href":"https:\/\/galei.cl\/index.php\/wp-json\/wp\/v2\/product"}],"about":[{"href":"https:\/\/galei.cl\/index.php\/wp-json\/wp\/v2\/types\/product"}],"replies":[{"embeddable":true,"href":"https:\/\/galei.cl\/index.php\/wp-json\/wp\/v2\/comments?post=15151"}],"wp:featuredmedia":[{"embeddable":true,"href":"https:\/\/galei.cl\/index.php\/wp-json\/wp\/v2\/media\/15148"}],"wp:attachment":[{"href":"https:\/\/galei.cl\/index.php\/wp-json\/wp\/v2\/media?parent=15151"}],"wp:term":[{"taxonomy":"product_cat","embeddable":true,"href":"https:\/\/galei.cl\/index.php\/wp-json\/wp\/v2\/product_cat?post=15151"},{"taxonomy":"product_tag","embeddable":true,"href":"https:\/\/galei.cl\/index.php\/wp-json\/wp\/v2\/product_tag?post=15151"}],"curies":[{"name":"wp","href":"https:\/\/api.w.org\/{rel}","templated":true}]}}