{"id":15155,"date":"2024-09-26T09:52:40","date_gmt":"2024-09-26T12:52:40","guid":{"rendered":"https:\/\/galei.cl\/?post_type=product&#038;p=15155"},"modified":"2025-09-30T12:53:11","modified_gmt":"2025-09-30T15:53:11","slug":"platos-cartulina-n2-18cm","status":"publish","type":"product","link":"https:\/\/galei.cl\/index.php\/producto\/platos-cartulina-n2-18cm\/","title":{"rendered":"PLATOS CARTULINA N\u00b02 (18cm)"},"content":{"rendered":"<p>Platos de cartulina N\u00b02 de 18 cm, ideales para servir alimentos de manera pr\u00e1ctica y econ\u00f3mica. Fabricados en cartulina resistente, ofrecen una soluci\u00f3n conveniente para comidas y eventos, con un dise\u00f1o ligero y funcional.<\/p>\n<p>Tama\u00f1o: Di\u00e1metro de 18cm<br \/>\nPaquete de Venta: 50 unidades.<\/p>\n<p>Unidades por Caja: 500<\/p>\n<p>&nbsp;<\/p>\n","protected":false},"excerpt":{"rendered":"<p><strong>PLATOS CARTULINA N\u00b02\u00a0<\/strong><\/p>\n<p>Tama\u00f1o: Di\u00e1metro de 18cm<br \/>\nPaquete de Venta: 50 unidades.<\/p>\n","protected":false},"featured_media":15146,"comment_status":"open","ping_status":"closed","template":"","meta":{"_monsterinsights_skip_tracking":false,"_monsterinsights_sitenote_active":false,"_monsterinsights_sitenote_note":"","_monsterinsights_sitenote_category":0},"product_cat":[249,248,36],"product_tag":[],"jetpack_sharing_enabled":true,"_links":{"self":[{"href":"https:\/\/galei.cl\/index.php\/wp-json\/wp\/v2\/product\/15155"}],"collection":[{"href":"https:\/\/galei.cl\/index.php\/wp-json\/wp\/v2\/product"}],"about":[{"href":"https:\/\/galei.cl\/index.php\/wp-json\/wp\/v2\/types\/product"}],"replies":[{"embeddable":true,"href":"https:\/\/galei.cl\/index.php\/wp-json\/wp\/v2\/comments?post=15155"}],"wp:featuredmedia":[{"embeddable":true,"href":"https:\/\/galei.cl\/index.php\/wp-json\/wp\/v2\/media\/15146"}],"wp:attachment":[{"href":"https:\/\/galei.cl\/index.php\/wp-json\/wp\/v2\/media?parent=15155"}],"wp:term":[{"taxonomy":"product_cat","embeddable":true,"href":"https:\/\/galei.cl\/index.php\/wp-json\/wp\/v2\/product_cat?post=15155"},{"taxonomy":"product_tag","embeddable":true,"href":"https:\/\/galei.cl\/index.php\/wp-json\/wp\/v2\/product_tag?post=15155"}],"curies":[{"name":"wp","href":"https:\/\/api.w.org\/{rel}","templated":true}]}}