{"id":15156,"date":"2024-09-26T09:59:28","date_gmt":"2024-09-26T12:59:28","guid":{"rendered":"https:\/\/galei.cl\/?post_type=product&#038;p=15156"},"modified":"2025-09-30T12:53:05","modified_gmt":"2025-09-30T15:53:05","slug":"bolsas-kraft-troquel-28x28-cm","status":"publish","type":"product","link":"https:\/\/galei.cl\/index.php\/producto\/bolsas-kraft-troquel-28x28-cm\/","title":{"rendered":"BOLSAS KRAFT 28x28cm TROQUEL"},"content":{"rendered":"<p>Bolsas Kraft troquel de 28&#215;28 cm, perfectas para empaquetar y presentar productos con un toque ecol\u00f3gico. Su dise\u00f1o con troquel facilita el manejo, y el material kraft resistente asegura una presentaci\u00f3n elegante y pr\u00e1ctica.<\/p>\n<p>Tama\u00f1o: 28 cm x 28cm<br \/>\nPaquete de Venta: 50 unidades.<\/p>\n<p>Unidades por Caja: 500<\/p>\n<p>&nbsp;<\/p>\n","protected":false},"excerpt":{"rendered":"<p><strong>BOLSAS KRAFT TROQUEL\u00a0<\/strong><\/p>\n<p>Tama\u00f1o: 28 cm x 28cm<br \/>\nPaquete de Venta: 50 unidades.<\/p>\n","protected":false},"featured_media":15164,"comment_status":"open","ping_status":"closed","template":"","meta":{"_monsterinsights_skip_tracking":false,"_monsterinsights_sitenote_active":false,"_monsterinsights_sitenote_note":"","_monsterinsights_sitenote_category":0},"product_cat":[250,239,36],"product_tag":[],"jetpack_sharing_enabled":true,"_links":{"self":[{"href":"https:\/\/galei.cl\/index.php\/wp-json\/wp\/v2\/product\/15156"}],"collection":[{"href":"https:\/\/galei.cl\/index.php\/wp-json\/wp\/v2\/product"}],"about":[{"href":"https:\/\/galei.cl\/index.php\/wp-json\/wp\/v2\/types\/product"}],"replies":[{"embeddable":true,"href":"https:\/\/galei.cl\/index.php\/wp-json\/wp\/v2\/comments?post=15156"}],"wp:featuredmedia":[{"embeddable":true,"href":"https:\/\/galei.cl\/index.php\/wp-json\/wp\/v2\/media\/15164"}],"wp:attachment":[{"href":"https:\/\/galei.cl\/index.php\/wp-json\/wp\/v2\/media?parent=15156"}],"wp:term":[{"taxonomy":"product_cat","embeddable":true,"href":"https:\/\/galei.cl\/index.php\/wp-json\/wp\/v2\/product_cat?post=15156"},{"taxonomy":"product_tag","embeddable":true,"href":"https:\/\/galei.cl\/index.php\/wp-json\/wp\/v2\/product_tag?post=15156"}],"curies":[{"name":"wp","href":"https:\/\/api.w.org\/{rel}","templated":true}]}}