{"id":15168,"date":"2024-09-26T10:12:28","date_gmt":"2024-09-26T13:12:28","guid":{"rendered":"https:\/\/galei.cl\/?post_type=product&#038;p=15168"},"modified":"2025-09-30T12:51:22","modified_gmt":"2025-09-30T15:51:22","slug":"bolsas-camiseta-32x40cm","status":"publish","type":"product","link":"https:\/\/galei.cl\/index.php\/producto\/bolsas-camiseta-32x40cm\/","title":{"rendered":"BOLSAS CAMISETA 32x40cm"},"content":{"rendered":"<p>Bolsas de camiseta 32 x 40 cm (1&#215;100), ideales para empaquetar y transportar productos de manera pr\u00e1ctica y econ\u00f3mica. Fabricadas en pl\u00e1stico resistente, ofrecen un dise\u00f1o sencillo y funcional para una amplia variedad de usos.<\/p>\n<p>Tama\u00f1o: <strong>32 cm x 40cm<\/strong><br \/>\nPaquete de Venta: 100 unidades.<\/p>\n<p>Unidades por Caja: 500<\/p>\n<p>&nbsp;<\/p>\n","protected":false},"excerpt":{"rendered":"<p><strong>BOLSAS CAMISETA 32x40cm<\/strong><\/p>\n<p>Tama\u00f1o: <strong>32 cm x 40cm<\/strong><br \/>\nPaquete de Venta: 100 unidades.<\/p>\n","protected":false},"featured_media":15161,"comment_status":"open","ping_status":"closed","template":"","meta":{"_monsterinsights_skip_tracking":false,"_monsterinsights_sitenote_active":false,"_monsterinsights_sitenote_note":"","_monsterinsights_sitenote_category":0},"product_cat":[250,36],"product_tag":[],"jetpack_sharing_enabled":true,"_links":{"self":[{"href":"https:\/\/galei.cl\/index.php\/wp-json\/wp\/v2\/product\/15168"}],"collection":[{"href":"https:\/\/galei.cl\/index.php\/wp-json\/wp\/v2\/product"}],"about":[{"href":"https:\/\/galei.cl\/index.php\/wp-json\/wp\/v2\/types\/product"}],"replies":[{"embeddable":true,"href":"https:\/\/galei.cl\/index.php\/wp-json\/wp\/v2\/comments?post=15168"}],"wp:featuredmedia":[{"embeddable":true,"href":"https:\/\/galei.cl\/index.php\/wp-json\/wp\/v2\/media\/15161"}],"wp:attachment":[{"href":"https:\/\/galei.cl\/index.php\/wp-json\/wp\/v2\/media?parent=15168"}],"wp:term":[{"taxonomy":"product_cat","embeddable":true,"href":"https:\/\/galei.cl\/index.php\/wp-json\/wp\/v2\/product_cat?post=15168"},{"taxonomy":"product_tag","embeddable":true,"href":"https:\/\/galei.cl\/index.php\/wp-json\/wp\/v2\/product_tag?post=15168"}],"curies":[{"name":"wp","href":"https:\/\/api.w.org\/{rel}","templated":true}]}}