{"id":15198,"date":"2024-09-26T10:59:22","date_gmt":"2024-09-26T13:59:22","guid":{"rendered":"https:\/\/galei.cl\/?post_type=product&#038;p=15198"},"modified":"2025-09-30T12:51:52","modified_gmt":"2025-09-30T15:51:52","slug":"saco-blanco-cuarto-kg","status":"publish","type":"product","link":"https:\/\/galei.cl\/index.php\/producto\/saco-blanco-cuarto-kg\/","title":{"rendered":"SACO BLANCO \u00bc kg"},"content":{"rendered":"<p>Saco blanco de \u00bc KG (1&#215;1000), ideal para el empaquetado de productos en porciones moderadas. Fabricado en papel resistente, ofrece una soluci\u00f3n pr\u00e1ctica y ecol\u00f3gica para el almacenamiento y transporte.<\/p>\n<p>Paquete de Venta: 100 unidades.<\/p>\n<p>Unidades por Caja: 1000<\/p>\n<p>&nbsp;<\/p>\n","protected":false},"excerpt":{"rendered":"<p><strong>SACO BLANCO \u00bc KG<br \/>\n<\/strong>Paquete de Venta: 100 unidades.<\/p>\n","protected":false},"featured_media":15190,"comment_status":"open","ping_status":"closed","template":"","meta":{"_monsterinsights_skip_tracking":false,"_monsterinsights_sitenote_active":false,"_monsterinsights_sitenote_note":"","_monsterinsights_sitenote_category":0},"product_cat":[250,36],"product_tag":[],"jetpack_sharing_enabled":true,"_links":{"self":[{"href":"https:\/\/galei.cl\/index.php\/wp-json\/wp\/v2\/product\/15198"}],"collection":[{"href":"https:\/\/galei.cl\/index.php\/wp-json\/wp\/v2\/product"}],"about":[{"href":"https:\/\/galei.cl\/index.php\/wp-json\/wp\/v2\/types\/product"}],"replies":[{"embeddable":true,"href":"https:\/\/galei.cl\/index.php\/wp-json\/wp\/v2\/comments?post=15198"}],"wp:featuredmedia":[{"embeddable":true,"href":"https:\/\/galei.cl\/index.php\/wp-json\/wp\/v2\/media\/15190"}],"wp:attachment":[{"href":"https:\/\/galei.cl\/index.php\/wp-json\/wp\/v2\/media?parent=15198"}],"wp:term":[{"taxonomy":"product_cat","embeddable":true,"href":"https:\/\/galei.cl\/index.php\/wp-json\/wp\/v2\/product_cat?post=15198"},{"taxonomy":"product_tag","embeddable":true,"href":"https:\/\/galei.cl\/index.php\/wp-json\/wp\/v2\/product_tag?post=15198"}],"curies":[{"name":"wp","href":"https:\/\/api.w.org\/{rel}","templated":true}]}}