{"id":15200,"date":"2024-09-26T11:17:55","date_gmt":"2024-09-26T14:17:55","guid":{"rendered":"https:\/\/galei.cl\/?post_type=product&#038;p=15200"},"modified":"2025-09-30T12:50:51","modified_gmt":"2025-09-30T15:50:51","slug":"rollo-bolsa-prepicada-tamanos-20x30","status":"publish","type":"product","link":"https:\/\/galei.cl\/index.php\/producto\/rollo-bolsa-prepicada-tamanos-20x30\/","title":{"rendered":"ROLLO BOLSA 20x30cm PREPICADA"},"content":{"rendered":"<p>Rollo de bolsa prepicada, tama\u00f1o 20&#215;30 cm (1&#215;4,8 kg), ideal para el empaquetado y almacenamiento de productos. Fabricado en pl\u00e1stico resistente, con perforaciones para facilitar el uso y la separaci\u00f3n de bolsas.<\/p>\n<p>Tama\u00f1o: 20cm x 30cm<br \/>\nResiste: 4.8Kg<br \/>\nPaquete de Venta: 1 Rollo<\/p>\n<p>Unidades por Caja: 1 Rollo<\/p>\n<p>&nbsp;<\/p>\n","protected":false},"excerpt":{"rendered":"<p><strong>ROLLO BOLSA PREPICADA<\/strong><\/p>\n<p>Tama\u00f1o: 20cm x 30cm<br \/>\nResiste: 4.8Kg<br \/>\nPaquete de Venta: 1 Rollo<\/p>\n","protected":false},"featured_media":15201,"comment_status":"open","ping_status":"closed","template":"","meta":{"_monsterinsights_skip_tracking":false,"_monsterinsights_sitenote_active":false,"_monsterinsights_sitenote_note":"","_monsterinsights_sitenote_category":0},"product_cat":[250,36],"product_tag":[286],"jetpack_sharing_enabled":true,"_links":{"self":[{"href":"https:\/\/galei.cl\/index.php\/wp-json\/wp\/v2\/product\/15200"}],"collection":[{"href":"https:\/\/galei.cl\/index.php\/wp-json\/wp\/v2\/product"}],"about":[{"href":"https:\/\/galei.cl\/index.php\/wp-json\/wp\/v2\/types\/product"}],"replies":[{"embeddable":true,"href":"https:\/\/galei.cl\/index.php\/wp-json\/wp\/v2\/comments?post=15200"}],"wp:featuredmedia":[{"embeddable":true,"href":"https:\/\/galei.cl\/index.php\/wp-json\/wp\/v2\/media\/15201"}],"wp:attachment":[{"href":"https:\/\/galei.cl\/index.php\/wp-json\/wp\/v2\/media?parent=15200"}],"wp:term":[{"taxonomy":"product_cat","embeddable":true,"href":"https:\/\/galei.cl\/index.php\/wp-json\/wp\/v2\/product_cat?post=15200"},{"taxonomy":"product_tag","embeddable":true,"href":"https:\/\/galei.cl\/index.php\/wp-json\/wp\/v2\/product_tag?post=15200"}],"curies":[{"name":"wp","href":"https:\/\/api.w.org\/{rel}","templated":true}]}}