{"id":15215,"date":"2024-09-26T11:56:13","date_gmt":"2024-09-26T14:56:13","guid":{"rendered":"https:\/\/galei.cl\/?post_type=product&#038;p=15215"},"modified":"2025-09-30T11:28:46","modified_gmt":"2025-09-30T14:28:46","slug":"cuatenedor-madera","status":"publish","type":"product","link":"https:\/\/galei.cl\/index.php\/producto\/cuatenedor-madera\/","title":{"rendered":"TENEDOR DE MADERA"},"content":{"rendered":"<p>Tenedor de madera, ideal para disfrutar de tus comidas con un toque natural. Su dise\u00f1o ergon\u00f3mico y material resistente proporcionan una experiencia de uso c\u00f3moda y ecol\u00f3gica.<\/p>\n<p>Medidas: 155 mm<br \/>\nMaterial: Madera<br \/>\nUnidades pack: 100<\/p>\n<p>Unidades por Caja: 1000<\/p>\n<p>&nbsp;<\/p>\n","protected":false},"excerpt":{"rendered":"<p><strong>TENEDOR MADERA <\/strong><\/p>\n<p>Medidas: 155 mm<br \/>\nMaterial: Madera<br \/>\nUnidades pack: 100<\/p>\n","protected":false},"featured_media":15205,"comment_status":"open","ping_status":"closed","template":"","meta":{"_monsterinsights_skip_tracking":false,"_monsterinsights_sitenote_active":false,"_monsterinsights_sitenote_note":"","_monsterinsights_sitenote_category":0},"product_cat":[252,253,36],"product_tag":[],"jetpack_sharing_enabled":true,"_links":{"self":[{"href":"https:\/\/galei.cl\/index.php\/wp-json\/wp\/v2\/product\/15215"}],"collection":[{"href":"https:\/\/galei.cl\/index.php\/wp-json\/wp\/v2\/product"}],"about":[{"href":"https:\/\/galei.cl\/index.php\/wp-json\/wp\/v2\/types\/product"}],"replies":[{"embeddable":true,"href":"https:\/\/galei.cl\/index.php\/wp-json\/wp\/v2\/comments?post=15215"}],"wp:featuredmedia":[{"embeddable":true,"href":"https:\/\/galei.cl\/index.php\/wp-json\/wp\/v2\/media\/15205"}],"wp:attachment":[{"href":"https:\/\/galei.cl\/index.php\/wp-json\/wp\/v2\/media?parent=15215"}],"wp:term":[{"taxonomy":"product_cat","embeddable":true,"href":"https:\/\/galei.cl\/index.php\/wp-json\/wp\/v2\/product_cat?post=15215"},{"taxonomy":"product_tag","embeddable":true,"href":"https:\/\/galei.cl\/index.php\/wp-json\/wp\/v2\/product_tag?post=15215"}],"curies":[{"name":"wp","href":"https:\/\/api.w.org\/{rel}","templated":true}]}}