{"id":15227,"date":"2024-09-26T12:42:08","date_gmt":"2024-09-26T15:42:08","guid":{"rendered":"https:\/\/galei.cl\/?post_type=product&#038;p=15227"},"modified":"2025-09-30T11:29:22","modified_gmt":"2025-09-30T14:29:22","slug":"plastica-plastica","status":"publish","type":"product","link":"https:\/\/galei.cl\/index.php\/producto\/plastica-plastica\/","title":{"rendered":"TENEDOR PLASTICO"},"content":{"rendered":"<p>Cuchara pl\u00e1stica (x100 un), ideal para eventos y comidas para llevar. Fabricada en pl\u00e1stico resistente, ofrece una opci\u00f3n pr\u00e1ctica y econ\u00f3mica para el uso diario.<\/p>\n<p>Medidas: 16,8 cm<br \/>\nUnidades pack: 100<\/p>\n<p>Unidades por Caja: 1000<\/p>\n<p>&nbsp;<\/p>\n","protected":false},"excerpt":{"rendered":"<p><strong>TENEDOR PLASTICA<\/strong><\/p>\n<p>Medidas: 16,8 cm<br \/>\nUnidades pack: 100<\/p>\n","protected":false},"featured_media":15224,"comment_status":"open","ping_status":"closed","template":"","meta":{"_monsterinsights_skip_tracking":false,"_monsterinsights_sitenote_active":false,"_monsterinsights_sitenote_note":"","_monsterinsights_sitenote_category":0},"product_cat":[252,36],"product_tag":[293],"jetpack_sharing_enabled":true,"_links":{"self":[{"href":"https:\/\/galei.cl\/index.php\/wp-json\/wp\/v2\/product\/15227"}],"collection":[{"href":"https:\/\/galei.cl\/index.php\/wp-json\/wp\/v2\/product"}],"about":[{"href":"https:\/\/galei.cl\/index.php\/wp-json\/wp\/v2\/types\/product"}],"replies":[{"embeddable":true,"href":"https:\/\/galei.cl\/index.php\/wp-json\/wp\/v2\/comments?post=15227"}],"wp:featuredmedia":[{"embeddable":true,"href":"https:\/\/galei.cl\/index.php\/wp-json\/wp\/v2\/media\/15224"}],"wp:attachment":[{"href":"https:\/\/galei.cl\/index.php\/wp-json\/wp\/v2\/media?parent=15227"}],"wp:term":[{"taxonomy":"product_cat","embeddable":true,"href":"https:\/\/galei.cl\/index.php\/wp-json\/wp\/v2\/product_cat?post=15227"},{"taxonomy":"product_tag","embeddable":true,"href":"https:\/\/galei.cl\/index.php\/wp-json\/wp\/v2\/product_tag?post=15227"}],"curies":[{"name":"wp","href":"https:\/\/api.w.org\/{rel}","templated":true}]}}