{"id":15230,"date":"2024-09-26T12:52:45","date_gmt":"2024-09-26T15:52:45","guid":{"rendered":"https:\/\/galei.cl\/?post_type=product&#038;p=15230"},"modified":"2025-09-30T11:28:12","modified_gmt":"2025-09-30T14:28:12","slug":"plastica-cuchara-larga","status":"publish","type":"product","link":"https:\/\/galei.cl\/index.php\/producto\/plastica-cuchara-larga\/","title":{"rendered":"PLASTICO \/ CUCHARA LARGA"},"content":{"rendered":"<p>Cuchara pl\u00e1stica larga blanca para caf\u00e9 o t\u00e9, perfecta para revolver bebidas calientes. Su dise\u00f1o compacto y resistente la hace ideal para cafeter\u00edas, oficinas o uso personal.<\/p>\n<p>Medidas: 21 cm<br \/>\nUnidades pack: 100<\/p>\n<p>Unidades por Caja: 2000<\/p>\n<p>&nbsp;<\/p>\n","protected":false},"excerpt":{"rendered":"<p><strong>CUCHARA PLASTICA LARGA<\/strong><\/p>\n<p>Medidas: 21 cm<br \/>\nUnidades pack: 100<\/p>\n","protected":false},"featured_media":15222,"comment_status":"open","ping_status":"closed","template":"","meta":{"_monsterinsights_skip_tracking":false,"_monsterinsights_sitenote_active":false,"_monsterinsights_sitenote_note":"","_monsterinsights_sitenote_category":0},"product_cat":[252,36],"product_tag":[293],"jetpack_sharing_enabled":true,"_links":{"self":[{"href":"https:\/\/galei.cl\/index.php\/wp-json\/wp\/v2\/product\/15230"}],"collection":[{"href":"https:\/\/galei.cl\/index.php\/wp-json\/wp\/v2\/product"}],"about":[{"href":"https:\/\/galei.cl\/index.php\/wp-json\/wp\/v2\/types\/product"}],"replies":[{"embeddable":true,"href":"https:\/\/galei.cl\/index.php\/wp-json\/wp\/v2\/comments?post=15230"}],"wp:featuredmedia":[{"embeddable":true,"href":"https:\/\/galei.cl\/index.php\/wp-json\/wp\/v2\/media\/15222"}],"wp:attachment":[{"href":"https:\/\/galei.cl\/index.php\/wp-json\/wp\/v2\/media?parent=15230"}],"wp:term":[{"taxonomy":"product_cat","embeddable":true,"href":"https:\/\/galei.cl\/index.php\/wp-json\/wp\/v2\/product_cat?post=15230"},{"taxonomy":"product_tag","embeddable":true,"href":"https:\/\/galei.cl\/index.php\/wp-json\/wp\/v2\/product_tag?post=15230"}],"curies":[{"name":"wp","href":"https:\/\/api.w.org\/{rel}","templated":true}]}}