{"id":15236,"date":"2024-09-26T13:08:23","date_gmt":"2024-09-26T16:08:23","guid":{"rendered":"https:\/\/galei.cl\/?post_type=product&#038;p=15236"},"modified":"2025-09-30T11:30:03","modified_gmt":"2025-09-30T14:30:03","slug":"rollo-papel-cafe-57cm","status":"publish","type":"product","link":"https:\/\/galei.cl\/index.php\/producto\/rollo-papel-cafe-57cm\/","title":{"rendered":"ROLLO PAPEL CAF\u00c9 57cm"},"content":{"rendered":"<p>Rollo de papel caf\u00e9 de 57 cm, ideal para envolver, empacar o presentar productos de manera ecol\u00f3gica. Fabricado en papel resistente, ofrece una soluci\u00f3n pr\u00e1ctica y sostenible para diversas necesidades de empaque.<\/p>\n<p>Tama\u00f1o: 57 cm<br \/>\nPaquete de Venta: 1 Rollo<\/p>\n<p>Unidades por Caja: 1 Rollo<\/p>\n<p>&nbsp;<\/p>\n","protected":false},"excerpt":{"rendered":"<p><strong>ROLLO PAPEL CAF\u00c9\u00a0<\/strong><\/p>\n<p>Tama\u00f1o: 57 cm<br \/>\nPaquete de Venta: 1 Rollo<\/p>\n","protected":false},"featured_media":15234,"comment_status":"open","ping_status":"closed","template":"","meta":{"_monsterinsights_skip_tracking":false,"_monsterinsights_sitenote_active":false,"_monsterinsights_sitenote_note":"","_monsterinsights_sitenote_category":0},"product_cat":[239,254,36],"product_tag":[290],"jetpack_sharing_enabled":true,"_links":{"self":[{"href":"https:\/\/galei.cl\/index.php\/wp-json\/wp\/v2\/product\/15236"}],"collection":[{"href":"https:\/\/galei.cl\/index.php\/wp-json\/wp\/v2\/product"}],"about":[{"href":"https:\/\/galei.cl\/index.php\/wp-json\/wp\/v2\/types\/product"}],"replies":[{"embeddable":true,"href":"https:\/\/galei.cl\/index.php\/wp-json\/wp\/v2\/comments?post=15236"}],"wp:featuredmedia":[{"embeddable":true,"href":"https:\/\/galei.cl\/index.php\/wp-json\/wp\/v2\/media\/15234"}],"wp:attachment":[{"href":"https:\/\/galei.cl\/index.php\/wp-json\/wp\/v2\/media?parent=15236"}],"wp:term":[{"taxonomy":"product_cat","embeddable":true,"href":"https:\/\/galei.cl\/index.php\/wp-json\/wp\/v2\/product_cat?post=15236"},{"taxonomy":"product_tag","embeddable":true,"href":"https:\/\/galei.cl\/index.php\/wp-json\/wp\/v2\/product_tag?post=15236"}],"curies":[{"name":"wp","href":"https:\/\/api.w.org\/{rel}","templated":true}]}}