{"id":15244,"date":"2024-09-26T13:22:00","date_gmt":"2024-09-26T16:22:00","guid":{"rendered":"https:\/\/galei.cl\/?post_type=product&#038;p=15244"},"modified":"2025-09-30T11:27:40","modified_gmt":"2025-09-30T14:27:40","slug":"clamshell-hot-dog-kraft-22cm","status":"publish","type":"product","link":"https:\/\/galei.cl\/index.php\/producto\/clamshell-hot-dog-kraft-22cm\/","title":{"rendered":"CLAMSHELL HOT DOG KRAFT 22cm"},"content":{"rendered":"<p>Clamshell hot dog Kraft de 22 cm, ideal para servir y transportar hot dogs de manera pr\u00e1ctica y elegante. Fabricado en papel kraft resistente, proporciona un dise\u00f1o ecol\u00f3gico y una presentaci\u00f3n atractiva.<\/p>\n<p>Tama\u00f1o: 22 cm<br \/>\nPaquete de Venta: 200 unidades.<\/p>\n<p>Unidades por Caja: 1000.<\/p>\n<p>&nbsp;<\/p>\n","protected":false},"excerpt":{"rendered":"<p><strong>CLAMSHELL HOT DOG KRAFT<\/strong><\/p>\n<p>Tama\u00f1o: 22 cm<br \/>\nPaquete de Venta: 200 unidades.<\/p>\n","protected":false},"featured_media":15240,"comment_status":"open","ping_status":"closed","template":"","meta":{"_monsterinsights_skip_tracking":false,"_monsterinsights_sitenote_active":false,"_monsterinsights_sitenote_note":"","_monsterinsights_sitenote_category":0},"product_cat":[236,297,239,36],"product_tag":[243,288,242],"jetpack_sharing_enabled":true,"_links":{"self":[{"href":"https:\/\/galei.cl\/index.php\/wp-json\/wp\/v2\/product\/15244"}],"collection":[{"href":"https:\/\/galei.cl\/index.php\/wp-json\/wp\/v2\/product"}],"about":[{"href":"https:\/\/galei.cl\/index.php\/wp-json\/wp\/v2\/types\/product"}],"replies":[{"embeddable":true,"href":"https:\/\/galei.cl\/index.php\/wp-json\/wp\/v2\/comments?post=15244"}],"wp:featuredmedia":[{"embeddable":true,"href":"https:\/\/galei.cl\/index.php\/wp-json\/wp\/v2\/media\/15240"}],"wp:attachment":[{"href":"https:\/\/galei.cl\/index.php\/wp-json\/wp\/v2\/media?parent=15244"}],"wp:term":[{"taxonomy":"product_cat","embeddable":true,"href":"https:\/\/galei.cl\/index.php\/wp-json\/wp\/v2\/product_cat?post=15244"},{"taxonomy":"product_tag","embeddable":true,"href":"https:\/\/galei.cl\/index.php\/wp-json\/wp\/v2\/product_tag?post=15244"}],"curies":[{"name":"wp","href":"https:\/\/api.w.org\/{rel}","templated":true}]}}