{"id":15246,"date":"2024-09-26T13:27:07","date_gmt":"2024-09-26T16:27:07","guid":{"rendered":"https:\/\/galei.cl\/?post_type=product&#038;p=15246"},"modified":"2025-09-30T11:27:53","modified_gmt":"2025-09-30T14:27:53","slug":"completera-carton-25","status":"publish","type":"product","link":"https:\/\/galei.cl\/index.php\/producto\/completera-carton-25\/","title":{"rendered":"COMPLETERA CARTON 25cm"},"content":{"rendered":"<p>Ideal para servir y transportar Completos de manera pr\u00e1ctica y elegante. Fabricado en cart\u00f3n resistente, proporciona un dise\u00f1o ecol\u00f3gico y una presentaci\u00f3n atractiva.<\/p>\n<p>Tama\u00f1o: 25 cm<br \/>\nPaquete de Venta: 100 unidades.<\/p>\n<p>Unidades por Caja: 1000.<\/p>\n<p>&nbsp;<\/p>\n","protected":false},"excerpt":{"rendered":"<p><strong>COMPLETERA CARTON\u00a0<\/strong><\/p>\n<p>Tama\u00f1o: 25 cm<br \/>\nPaquete de Venta: 100 unidades.<\/p>\n","protected":false},"featured_media":15241,"comment_status":"open","ping_status":"closed","template":"","meta":{"_monsterinsights_skip_tracking":false,"_monsterinsights_sitenote_active":false,"_monsterinsights_sitenote_note":"","_monsterinsights_sitenote_category":0},"product_cat":[249,297,239,36],"product_tag":[289,243,242],"jetpack_sharing_enabled":true,"_links":{"self":[{"href":"https:\/\/galei.cl\/index.php\/wp-json\/wp\/v2\/product\/15246"}],"collection":[{"href":"https:\/\/galei.cl\/index.php\/wp-json\/wp\/v2\/product"}],"about":[{"href":"https:\/\/galei.cl\/index.php\/wp-json\/wp\/v2\/types\/product"}],"replies":[{"embeddable":true,"href":"https:\/\/galei.cl\/index.php\/wp-json\/wp\/v2\/comments?post=15246"}],"wp:featuredmedia":[{"embeddable":true,"href":"https:\/\/galei.cl\/index.php\/wp-json\/wp\/v2\/media\/15241"}],"wp:attachment":[{"href":"https:\/\/galei.cl\/index.php\/wp-json\/wp\/v2\/media?parent=15246"}],"wp:term":[{"taxonomy":"product_cat","embeddable":true,"href":"https:\/\/galei.cl\/index.php\/wp-json\/wp\/v2\/product_cat?post=15246"},{"taxonomy":"product_tag","embeddable":true,"href":"https:\/\/galei.cl\/index.php\/wp-json\/wp\/v2\/product_tag?post=15246"}],"curies":[{"name":"wp","href":"https:\/\/api.w.org\/{rel}","templated":true}]}}