{"id":15248,"date":"2024-09-26T13:33:58","date_gmt":"2024-09-26T16:33:58","guid":{"rendered":"https:\/\/galei.cl\/?post_type=product&#038;p=15248"},"modified":"2025-09-30T11:21:12","modified_gmt":"2025-09-30T14:21:12","slug":"bandeja-hotdog-pequena-doble","status":"publish","type":"product","link":"https:\/\/galei.cl\/index.php\/producto\/bandeja-hotdog-pequena-doble\/","title":{"rendered":"BANDEJA HOTDOG PEQUE\u00d1A DOBLE"},"content":{"rendered":"<p>Esta bandeja peque\u00f1a doble es ideal para servir dos hot dogs de manera c\u00f3moda y organizada. Fabricada con materiales resistentes, es perfecta para eventos, locales de comida y food trucks. Viene en un pack de 100 unidades, ofreciendo una soluci\u00f3n pr\u00e1ctica y eficiente para tus servicios de alimentos.<\/p>\n<p>Tama\u00f1o: Alto 5<br \/>\nPaquete de Venta: 100 unidades.<\/p>\n<p>Unidades por Caja: 500.<\/p>\n<p>&nbsp;<\/p>\n","protected":false},"excerpt":{"rendered":"<p><strong>BANDEJA HOTDOG PEQUE\u00d1A DOBLE <\/strong><\/p>\n<p>Tama\u00f1o: Alto 5<br \/>\nPaquete de Venta: 100 unidades.<\/p>\n","protected":false},"featured_media":15238,"comment_status":"open","ping_status":"closed","template":"","meta":{"_monsterinsights_skip_tracking":false,"_monsterinsights_sitenote_active":false,"_monsterinsights_sitenote_note":"","_monsterinsights_sitenote_category":0},"product_cat":[240,297,239,36],"product_tag":[289,243,242],"jetpack_sharing_enabled":true,"_links":{"self":[{"href":"https:\/\/galei.cl\/index.php\/wp-json\/wp\/v2\/product\/15248"}],"collection":[{"href":"https:\/\/galei.cl\/index.php\/wp-json\/wp\/v2\/product"}],"about":[{"href":"https:\/\/galei.cl\/index.php\/wp-json\/wp\/v2\/types\/product"}],"replies":[{"embeddable":true,"href":"https:\/\/galei.cl\/index.php\/wp-json\/wp\/v2\/comments?post=15248"}],"wp:featuredmedia":[{"embeddable":true,"href":"https:\/\/galei.cl\/index.php\/wp-json\/wp\/v2\/media\/15238"}],"wp:attachment":[{"href":"https:\/\/galei.cl\/index.php\/wp-json\/wp\/v2\/media?parent=15248"}],"wp:term":[{"taxonomy":"product_cat","embeddable":true,"href":"https:\/\/galei.cl\/index.php\/wp-json\/wp\/v2\/product_cat?post=15248"},{"taxonomy":"product_tag","embeddable":true,"href":"https:\/\/galei.cl\/index.php\/wp-json\/wp\/v2\/product_tag?post=15248"}],"curies":[{"name":"wp","href":"https:\/\/api.w.org\/{rel}","templated":true}]}}