{"id":15249,"date":"2024-09-26T13:38:26","date_gmt":"2024-09-26T16:38:26","guid":{"rendered":"https:\/\/galei.cl\/?post_type=product&#038;p=15249"},"modified":"2025-09-30T11:21:06","modified_gmt":"2025-09-30T14:21:06","slug":"vasos-polipapel-blanco-8-oz","status":"publish","type":"product","link":"https:\/\/galei.cl\/index.php\/producto\/vasos-polipapel-blanco-8-oz\/","title":{"rendered":"VASO KRAFT UNA CAPA 8oz"},"content":{"rendered":"<p>Vaso Kraft de una capa de 8 oz, ideal para bebidas fr\u00edas o calientes. Fabricado en material Kraft resistente, ofrece una opci\u00f3n ecol\u00f3gica y duradera con un dise\u00f1o natural y pr\u00e1ctico.<\/p>\n<p>Tama\u00f1o: 8 oz<br \/>\nPaquete de Venta: 50 unidades.<\/p>\n<p>Unidades por Caja: 1000.<\/p>\n<p>&nbsp;<\/p>\n","protected":false},"excerpt":{"rendered":"<p><strong>VASO KRAFT UNA CAPA<\/strong><\/p>\n<p>Tama\u00f1o: 8 oz<br \/>\nPaquete de Venta: 50 unidades.<\/p>\n","protected":false},"featured_media":15251,"comment_status":"open","ping_status":"closed","template":"","meta":{"_monsterinsights_skip_tracking":false,"_monsterinsights_sitenote_active":false,"_monsterinsights_sitenote_note":"","_monsterinsights_sitenote_category":0},"product_cat":[239,255,36],"product_tag":[],"jetpack_sharing_enabled":true,"_links":{"self":[{"href":"https:\/\/galei.cl\/index.php\/wp-json\/wp\/v2\/product\/15249"}],"collection":[{"href":"https:\/\/galei.cl\/index.php\/wp-json\/wp\/v2\/product"}],"about":[{"href":"https:\/\/galei.cl\/index.php\/wp-json\/wp\/v2\/types\/product"}],"replies":[{"embeddable":true,"href":"https:\/\/galei.cl\/index.php\/wp-json\/wp\/v2\/comments?post=15249"}],"wp:featuredmedia":[{"embeddable":true,"href":"https:\/\/galei.cl\/index.php\/wp-json\/wp\/v2\/media\/15251"}],"wp:attachment":[{"href":"https:\/\/galei.cl\/index.php\/wp-json\/wp\/v2\/media?parent=15249"}],"wp:term":[{"taxonomy":"product_cat","embeddable":true,"href":"https:\/\/galei.cl\/index.php\/wp-json\/wp\/v2\/product_cat?post=15249"},{"taxonomy":"product_tag","embeddable":true,"href":"https:\/\/galei.cl\/index.php\/wp-json\/wp\/v2\/product_tag?post=15249"}],"curies":[{"name":"wp","href":"https:\/\/api.w.org\/{rel}","templated":true}]}}