{"id":15257,"date":"2024-09-26T14:00:43","date_gmt":"2024-09-26T17:00:43","guid":{"rendered":"https:\/\/galei.cl\/?post_type=product&#038;p=15257"},"modified":"2025-09-30T11:20:30","modified_gmt":"2025-09-30T14:20:30","slug":"vaso-compostable-una-capa-12oz","status":"publish","type":"product","link":"https:\/\/galei.cl\/index.php\/producto\/vaso-compostable-una-capa-12oz\/","title":{"rendered":"VASO COMPOSTABLE UNA CAPA 12oz"},"content":{"rendered":"<p>Vaso compostable de una capa de 12 oz, ideal para bebidas fr\u00edas o calientes. Fabricado en materiales biodegradables, ofrece una opci\u00f3n ecol\u00f3gica y resistente para el servicio de bebidas, combinando sostenibilidad con practicidad.<\/p>\n<p>Tama\u00f1o: 12 oz<br \/>\nPaquete de Venta: 50 unidades.<\/p>\n<p>Unidades por Caja: 1000.<\/p>\n<p>&nbsp;<\/p>\n","protected":false},"excerpt":{"rendered":"<p><strong>VASO COMPOSTABLE UNA CAPA<\/strong><\/p>\n<p>Tama\u00f1o: 12 oz<br \/>\nPaquete de Venta: 50 unidades.<\/p>\n","protected":false},"featured_media":15263,"comment_status":"open","ping_status":"closed","template":"","meta":{"_monsterinsights_skip_tracking":false,"_monsterinsights_sitenote_active":false,"_monsterinsights_sitenote_note":"","_monsterinsights_sitenote_category":0},"product_cat":[246,255,36],"product_tag":[],"jetpack_sharing_enabled":true,"_links":{"self":[{"href":"https:\/\/galei.cl\/index.php\/wp-json\/wp\/v2\/product\/15257"}],"collection":[{"href":"https:\/\/galei.cl\/index.php\/wp-json\/wp\/v2\/product"}],"about":[{"href":"https:\/\/galei.cl\/index.php\/wp-json\/wp\/v2\/types\/product"}],"replies":[{"embeddable":true,"href":"https:\/\/galei.cl\/index.php\/wp-json\/wp\/v2\/comments?post=15257"}],"wp:featuredmedia":[{"embeddable":true,"href":"https:\/\/galei.cl\/index.php\/wp-json\/wp\/v2\/media\/15263"}],"wp:attachment":[{"href":"https:\/\/galei.cl\/index.php\/wp-json\/wp\/v2\/media?parent=15257"}],"wp:term":[{"taxonomy":"product_cat","embeddable":true,"href":"https:\/\/galei.cl\/index.php\/wp-json\/wp\/v2\/product_cat?post=15257"},{"taxonomy":"product_tag","embeddable":true,"href":"https:\/\/galei.cl\/index.php\/wp-json\/wp\/v2\/product_tag?post=15257"}],"curies":[{"name":"wp","href":"https:\/\/api.w.org\/{rel}","templated":true}]}}