{"id":15270,"date":"2024-09-26T14:19:56","date_gmt":"2024-09-26T17:19:56","guid":{"rendered":"https:\/\/galei.cl\/?post_type=product&#038;p=15270"},"modified":"2025-09-30T11:20:19","modified_gmt":"2025-09-30T14:20:19","slug":"collarin","status":"publish","type":"product","link":"https:\/\/galei.cl\/index.php\/producto\/collarin\/","title":{"rendered":"COLLARIN"},"content":{"rendered":"<p>Collar\u00edn gen\u00e9rico para vasos de 6, 9 y 12 oz, funciona como aislante para mantener la temperatura de las bebidas y proteger las manos de quemaduras. Fabricado en material resistente, ofrece una soluci\u00f3n pr\u00e1ctica y c\u00f3moda para el manejo de vasos calientes.<\/p>\n<p>Collar\u00edn\u00a0 para Vasos de Tama\u00f1o: 6, 9 y 8 oz<br \/>\nPaquete de Venta: 100 unidades.<\/p>\n<p>Unidades por Caja: 1000.<\/p>\n<p>&nbsp;<\/p>\n","protected":false},"excerpt":{"rendered":"<p><strong>COLLARIN<\/strong><\/p>\n<p>Collar\u00edn\u00a0 para Vasos de Tama\u00f1o: 6, 9 y 8 oz<br \/>\nPaquete de Venta: 100 unidades.<\/p>\n","protected":false},"featured_media":15258,"comment_status":"open","ping_status":"closed","template":"","meta":{"_monsterinsights_skip_tracking":false,"_monsterinsights_sitenote_active":false,"_monsterinsights_sitenote_note":"","_monsterinsights_sitenote_category":0},"product_cat":[249,239,36,255],"product_tag":[],"jetpack_sharing_enabled":true,"_links":{"self":[{"href":"https:\/\/galei.cl\/index.php\/wp-json\/wp\/v2\/product\/15270"}],"collection":[{"href":"https:\/\/galei.cl\/index.php\/wp-json\/wp\/v2\/product"}],"about":[{"href":"https:\/\/galei.cl\/index.php\/wp-json\/wp\/v2\/types\/product"}],"replies":[{"embeddable":true,"href":"https:\/\/galei.cl\/index.php\/wp-json\/wp\/v2\/comments?post=15270"}],"wp:featuredmedia":[{"embeddable":true,"href":"https:\/\/galei.cl\/index.php\/wp-json\/wp\/v2\/media\/15258"}],"wp:attachment":[{"href":"https:\/\/galei.cl\/index.php\/wp-json\/wp\/v2\/media?parent=15270"}],"wp:term":[{"taxonomy":"product_cat","embeddable":true,"href":"https:\/\/galei.cl\/index.php\/wp-json\/wp\/v2\/product_cat?post=15270"},{"taxonomy":"product_tag","embeddable":true,"href":"https:\/\/galei.cl\/index.php\/wp-json\/wp\/v2\/product_tag?post=15270"}],"curies":[{"name":"wp","href":"https:\/\/api.w.org\/{rel}","templated":true}]}}