{"id":15277,"date":"2024-09-26T15:05:10","date_gmt":"2024-09-26T18:05:10","guid":{"rendered":"https:\/\/galei.cl\/?post_type=product&#038;p=15277"},"modified":"2025-09-30T11:19:38","modified_gmt":"2025-09-30T14:19:38","slug":"tapa-negra-polipapel-8-oz","status":"publish","type":"product","link":"https:\/\/galei.cl\/index.php\/producto\/tapa-negra-polipapel-8-oz\/","title":{"rendered":"TAPA NEGRA POLIPAPEL 8oz"},"content":{"rendered":"<p>Tapa negra para vasos de polipapel compostable de 8 oz, dise\u00f1ada para un ajuste seguro y herm\u00e9tico. Ideal para mantener la frescura de las bebidas y evitar derrames, combinando funcionalidad con un dise\u00f1o ecol\u00f3gico.<\/p>\n<p>Tama\u00f1o para Vasos Pet de: 8oz<br \/>\nPaquete de Venta: 50 unidades.<\/p>\n<p>Unidades por Caja: 1000<\/p>\n<p>&nbsp;<\/p>\n","protected":false},"excerpt":{"rendered":"<p><strong>TAPA NEGRA POLIPAPEL<\/strong><\/p>\n<p>Tama\u00f1o para Vasos Pet de: 8 oz<br \/>\nPaquete de Venta: 50 unidades.<\/p>\n<p>&nbsp;<\/p>\n","protected":false},"featured_media":15260,"comment_status":"open","ping_status":"closed","template":"","meta":{"_monsterinsights_skip_tracking":false,"_monsterinsights_sitenote_active":false,"_monsterinsights_sitenote_note":"","_monsterinsights_sitenote_category":0},"product_cat":[36,255],"product_tag":[235],"jetpack_sharing_enabled":true,"_links":{"self":[{"href":"https:\/\/galei.cl\/index.php\/wp-json\/wp\/v2\/product\/15277"}],"collection":[{"href":"https:\/\/galei.cl\/index.php\/wp-json\/wp\/v2\/product"}],"about":[{"href":"https:\/\/galei.cl\/index.php\/wp-json\/wp\/v2\/types\/product"}],"replies":[{"embeddable":true,"href":"https:\/\/galei.cl\/index.php\/wp-json\/wp\/v2\/comments?post=15277"}],"wp:featuredmedia":[{"embeddable":true,"href":"https:\/\/galei.cl\/index.php\/wp-json\/wp\/v2\/media\/15260"}],"wp:attachment":[{"href":"https:\/\/galei.cl\/index.php\/wp-json\/wp\/v2\/media?parent=15277"}],"wp:term":[{"taxonomy":"product_cat","embeddable":true,"href":"https:\/\/galei.cl\/index.php\/wp-json\/wp\/v2\/product_cat?post=15277"},{"taxonomy":"product_tag","embeddable":true,"href":"https:\/\/galei.cl\/index.php\/wp-json\/wp\/v2\/product_tag?post=15277"}],"curies":[{"name":"wp","href":"https:\/\/api.w.org\/{rel}","templated":true}]}}