{"id":15279,"date":"2024-09-26T15:22:19","date_gmt":"2024-09-26T18:22:19","guid":{"rendered":"https:\/\/galei.cl\/?post_type=product&#038;p=15279"},"modified":"2024-09-26T15:32:44","modified_gmt":"2024-09-26T18:32:44","slug":"tapa-vaso-termico-8-oz","status":"publish","type":"product","link":"https:\/\/galei.cl\/index.php\/producto\/tapa-vaso-termico-8-oz\/","title":{"rendered":"TAPA VASO TERMICO 8oz"},"content":{"rendered":"<p>Tapa para vaso t\u00e9rmico de 8 oz, dise\u00f1ada para ofrecer un ajuste seguro y mantener la temperatura de tus bebidas. Ideal para prevenir derrames y asegurar un uso c\u00f3modo, combinando funcionalidad con un dise\u00f1o pr\u00e1ctico.<\/p>\n<p>Tama\u00f1o para Vasos Pet de: 8 oz<br \/>\nPaquete de Venta: 100 unidades.<\/p>\n<p>Unidades por Caja: 3500<\/p>\n<p>&nbsp;<\/p>\n","protected":false},"excerpt":{"rendered":"<p>TAPA VASO TERMICO<\/p>\n<p>Tama\u00f1o para Vasos Pet de: 8 oz<br \/>\nPaquete de Venta: 100 unidades.<\/p>\n<p>&nbsp;<\/p>\n","protected":false},"featured_media":15282,"comment_status":"open","ping_status":"closed","template":"","meta":{"_monsterinsights_skip_tracking":false,"_monsterinsights_sitenote_active":false,"_monsterinsights_sitenote_note":"","_monsterinsights_sitenote_category":0},"product_cat":[36,255],"product_tag":[235],"jetpack_sharing_enabled":true,"_links":{"self":[{"href":"https:\/\/galei.cl\/index.php\/wp-json\/wp\/v2\/product\/15279"}],"collection":[{"href":"https:\/\/galei.cl\/index.php\/wp-json\/wp\/v2\/product"}],"about":[{"href":"https:\/\/galei.cl\/index.php\/wp-json\/wp\/v2\/types\/product"}],"replies":[{"embeddable":true,"href":"https:\/\/galei.cl\/index.php\/wp-json\/wp\/v2\/comments?post=15279"}],"wp:featuredmedia":[{"embeddable":true,"href":"https:\/\/galei.cl\/index.php\/wp-json\/wp\/v2\/media\/15282"}],"wp:attachment":[{"href":"https:\/\/galei.cl\/index.php\/wp-json\/wp\/v2\/media?parent=15279"}],"wp:term":[{"taxonomy":"product_cat","embeddable":true,"href":"https:\/\/galei.cl\/index.php\/wp-json\/wp\/v2\/product_cat?post=15279"},{"taxonomy":"product_tag","embeddable":true,"href":"https:\/\/galei.cl\/index.php\/wp-json\/wp\/v2\/product_tag?post=15279"}],"curies":[{"name":"wp","href":"https:\/\/api.w.org\/{rel}","templated":true}]}}