{"id":15298,"date":"2024-09-27T04:58:46","date_gmt":"2024-09-27T07:58:46","guid":{"rendered":"https:\/\/galei.cl\/?post_type=product&#038;p=15298"},"modified":"2024-10-02T07:23:47","modified_gmt":"2024-10-02T10:23:47","slug":"rollo-papel-mantequilla-75-mt","status":"publish","type":"product","link":"https:\/\/galei.cl\/index.php\/producto\/rollo-papel-mantequilla-75-mt\/","title":{"rendered":"ROLLO PAPEL MANTEQUILLA 7,5 MT"},"content":{"rendered":"<p>Rollo de papel mantequilla de 7,5 m, ideal para la preparaci\u00f3n y cocci\u00f3n de alimentos. Su superficie antiadherente facilita el horneado y la limpieza, proporcionando una opci\u00f3n pr\u00e1ctica y vers\u00e1til para diversas recetas.<\/p>\n<p>Tama\u00f1o: 7,5 mt<br \/>\nPaquete de Venta: 1 Rollo<\/p>\n<p>Unidades por Caja:<\/p>\n<p>&nbsp;<\/p>\n","protected":false},"excerpt":{"rendered":"<p><strong>ROLLO PAPEL MANTEQUILLA<\/strong><\/p>\n<p>Tama\u00f1o: 7,5 mt<br \/>\nPaquete de Venta: 1 Rollo<\/p>\n","protected":false},"featured_media":15302,"comment_status":"open","ping_status":"closed","template":"","meta":{"_monsterinsights_skip_tracking":false,"_monsterinsights_sitenote_active":false,"_monsterinsights_sitenote_note":"","_monsterinsights_sitenote_category":0},"product_cat":[254,36],"product_tag":[258,290],"jetpack_sharing_enabled":true,"_links":{"self":[{"href":"https:\/\/galei.cl\/index.php\/wp-json\/wp\/v2\/product\/15298"}],"collection":[{"href":"https:\/\/galei.cl\/index.php\/wp-json\/wp\/v2\/product"}],"about":[{"href":"https:\/\/galei.cl\/index.php\/wp-json\/wp\/v2\/types\/product"}],"replies":[{"embeddable":true,"href":"https:\/\/galei.cl\/index.php\/wp-json\/wp\/v2\/comments?post=15298"}],"wp:featuredmedia":[{"embeddable":true,"href":"https:\/\/galei.cl\/index.php\/wp-json\/wp\/v2\/media\/15302"}],"wp:attachment":[{"href":"https:\/\/galei.cl\/index.php\/wp-json\/wp\/v2\/media?parent=15298"}],"wp:term":[{"taxonomy":"product_cat","embeddable":true,"href":"https:\/\/galei.cl\/index.php\/wp-json\/wp\/v2\/product_cat?post=15298"},{"taxonomy":"product_tag","embeddable":true,"href":"https:\/\/galei.cl\/index.php\/wp-json\/wp\/v2\/product_tag?post=15298"}],"curies":[{"name":"wp","href":"https:\/\/api.w.org\/{rel}","templated":true}]}}