{"id":15314,"date":"2024-09-27T05:20:11","date_gmt":"2024-09-27T08:20:11","guid":{"rendered":"https:\/\/galei.cl\/?post_type=product&#038;p=15314"},"modified":"2025-09-30T10:10:44","modified_gmt":"2025-09-30T13:10:44","slug":"bombillas-papel-flexible-negra","status":"publish","type":"product","link":"https:\/\/galei.cl\/index.php\/producto\/bombillas-papel-flexible-negra\/","title":{"rendered":"BOMBILLAS PAPEL FLEXIBLE NEGRA"},"content":{"rendered":"<p>Bombillas de papel flexible negra, ideales para una variedad de bebidas. Su dise\u00f1o flexible y material de papel resistente ofrecen una opci\u00f3n elegante y ecol\u00f3gica, combinando funcionalidad con un toque moderno.<\/p>\n<p>Color: Colores.<br \/>\nTama\u00f1o: 20cm<br \/>\nPaquete de Venta: 1&#215;100 Unidades<\/p>\n<p>Unidades por Caja: 1000 Unidades<\/p>\n<p>&nbsp;<\/p>\n","protected":false},"excerpt":{"rendered":"<p><strong>BOMBILLAS PAPEL FLEXIBLE NEGRA<\/strong><\/p>\n<p>Tama\u00f1o: 20cm<br \/>\nPaquete de Venta: 100 Unidades<\/p>\n","protected":false},"featured_media":15306,"comment_status":"open","ping_status":"closed","template":"","meta":{"_monsterinsights_skip_tracking":false,"_monsterinsights_sitenote_active":false,"_monsterinsights_sitenote_note":"","_monsterinsights_sitenote_category":0},"product_cat":[298,36],"product_tag":[259],"jetpack_sharing_enabled":true,"_links":{"self":[{"href":"https:\/\/galei.cl\/index.php\/wp-json\/wp\/v2\/product\/15314"}],"collection":[{"href":"https:\/\/galei.cl\/index.php\/wp-json\/wp\/v2\/product"}],"about":[{"href":"https:\/\/galei.cl\/index.php\/wp-json\/wp\/v2\/types\/product"}],"replies":[{"embeddable":true,"href":"https:\/\/galei.cl\/index.php\/wp-json\/wp\/v2\/comments?post=15314"}],"wp:featuredmedia":[{"embeddable":true,"href":"https:\/\/galei.cl\/index.php\/wp-json\/wp\/v2\/media\/15306"}],"wp:attachment":[{"href":"https:\/\/galei.cl\/index.php\/wp-json\/wp\/v2\/media?parent=15314"}],"wp:term":[{"taxonomy":"product_cat","embeddable":true,"href":"https:\/\/galei.cl\/index.php\/wp-json\/wp\/v2\/product_cat?post=15314"},{"taxonomy":"product_tag","embeddable":true,"href":"https:\/\/galei.cl\/index.php\/wp-json\/wp\/v2\/product_tag?post=15314"}],"curies":[{"name":"wp","href":"https:\/\/api.w.org\/{rel}","templated":true}]}}