{"id":15321,"date":"2024-09-27T05:45:36","date_gmt":"2024-09-27T08:45:36","guid":{"rendered":"https:\/\/galei.cl\/?post_type=product&#038;p=15321"},"modified":"2025-09-30T10:09:55","modified_gmt":"2025-09-30T13:09:55","slug":"palillos-de-cocktail-8cm","status":"publish","type":"product","link":"https:\/\/galei.cl\/index.php\/producto\/palillos-de-cocktail-8cm\/","title":{"rendered":"PALILLOS DE COCKTAIL 8cm"},"content":{"rendered":"<p>Estos palillos de cocktail de 8 cm son perfectos para decorar y servir bocadillos en fiestas y eventos. Su tama\u00f1o compacto y dise\u00f1o resistente los hace ideales para frutas, quesos y canap\u00e9s, agregando un toque de elegancia a tus presentaciones.<\/p>\n<p>Tama\u00f1o: 8 cm<br \/>\nPaquete de Venta: 100 Unidades<\/p>\n<p>Unidades por Caja: 240 x 100 Unidades<\/p>\n","protected":false},"excerpt":{"rendered":"<p><strong>PALILLOS DE COCKTAIL<\/strong><\/p>\n<p>Tama\u00f1o: 8 cm<br \/>\nPaquete de Venta: 100 Unidades<\/p>\n","protected":false},"featured_media":15322,"comment_status":"open","ping_status":"closed","template":"","meta":{"_monsterinsights_skip_tracking":false,"_monsterinsights_sitenote_active":false,"_monsterinsights_sitenote_note":"","_monsterinsights_sitenote_category":0},"product_cat":[300,36],"product_tag":[285,268],"jetpack_sharing_enabled":true,"_links":{"self":[{"href":"https:\/\/galei.cl\/index.php\/wp-json\/wp\/v2\/product\/15321"}],"collection":[{"href":"https:\/\/galei.cl\/index.php\/wp-json\/wp\/v2\/product"}],"about":[{"href":"https:\/\/galei.cl\/index.php\/wp-json\/wp\/v2\/types\/product"}],"replies":[{"embeddable":true,"href":"https:\/\/galei.cl\/index.php\/wp-json\/wp\/v2\/comments?post=15321"}],"wp:featuredmedia":[{"embeddable":true,"href":"https:\/\/galei.cl\/index.php\/wp-json\/wp\/v2\/media\/15322"}],"wp:attachment":[{"href":"https:\/\/galei.cl\/index.php\/wp-json\/wp\/v2\/media?parent=15321"}],"wp:term":[{"taxonomy":"product_cat","embeddable":true,"href":"https:\/\/galei.cl\/index.php\/wp-json\/wp\/v2\/product_cat?post=15321"},{"taxonomy":"product_tag","embeddable":true,"href":"https:\/\/galei.cl\/index.php\/wp-json\/wp\/v2\/product_tag?post=15321"}],"curies":[{"name":"wp","href":"https:\/\/api.w.org\/{rel}","templated":true}]}}