{"id":15329,"date":"2024-09-27T05:55:12","date_gmt":"2024-09-27T08:55:12","guid":{"rendered":"https:\/\/galei.cl\/?post_type=product&#038;p=15329"},"modified":"2025-09-30T10:09:35","modified_gmt":"2025-09-30T13:09:35","slug":"azucar-sachet-1gr","status":"publish","type":"product","link":"https:\/\/galei.cl\/index.php\/producto\/azucar-sachet-1gr\/","title":{"rendered":"AZUCAR SACHET 1gr"},"content":{"rendered":"<p>Sachet de az\u00facar de 5 gr, ideal para a\u00f1adir la cantidad justa de dulzura a tus bebidas o comidas. Perfecto para caf\u00e9s, t\u00e9s y servicios de comida r\u00e1pida, ofreciendo una opci\u00f3n pr\u00e1ctica y conveniente.<\/p>\n<p>Peso: 1gr<br \/>\nPaquete de Venta: 800 Unidades<\/p>\n<p>Unidades por Caja: 800 Unidades<\/p>\n","protected":false},"excerpt":{"rendered":"<p><strong>AZUCAR SACHET<\/strong><\/p>\n<p>Peso: 1gr<br \/>\nPaquete de Venta: 800 Unidades<\/p>\n<p>&nbsp;<\/p>\n","protected":false},"featured_media":15324,"comment_status":"open","ping_status":"closed","template":"","meta":{"_monsterinsights_skip_tracking":false,"_monsterinsights_sitenote_active":false,"_monsterinsights_sitenote_note":"","_monsterinsights_sitenote_category":0},"product_cat":[36],"product_tag":[265,287],"jetpack_sharing_enabled":true,"_links":{"self":[{"href":"https:\/\/galei.cl\/index.php\/wp-json\/wp\/v2\/product\/15329"}],"collection":[{"href":"https:\/\/galei.cl\/index.php\/wp-json\/wp\/v2\/product"}],"about":[{"href":"https:\/\/galei.cl\/index.php\/wp-json\/wp\/v2\/types\/product"}],"replies":[{"embeddable":true,"href":"https:\/\/galei.cl\/index.php\/wp-json\/wp\/v2\/comments?post=15329"}],"wp:featuredmedia":[{"embeddable":true,"href":"https:\/\/galei.cl\/index.php\/wp-json\/wp\/v2\/media\/15324"}],"wp:attachment":[{"href":"https:\/\/galei.cl\/index.php\/wp-json\/wp\/v2\/media?parent=15329"}],"wp:term":[{"taxonomy":"product_cat","embeddable":true,"href":"https:\/\/galei.cl\/index.php\/wp-json\/wp\/v2\/product_cat?post=15329"},{"taxonomy":"product_tag","embeddable":true,"href":"https:\/\/galei.cl\/index.php\/wp-json\/wp\/v2\/product_tag?post=15329"}],"curies":[{"name":"wp","href":"https:\/\/api.w.org\/{rel}","templated":true}]}}