{"id":15342,"date":"2024-09-27T06:52:07","date_gmt":"2024-09-27T09:52:07","guid":{"rendered":"https:\/\/galei.cl\/?post_type=product&#038;p=15342"},"modified":"2025-09-30T10:09:06","modified_gmt":"2025-09-30T13:09:06","slug":"caja-pizza-mediana-38x38cm","status":"publish","type":"product","link":"https:\/\/galei.cl\/index.php\/producto\/caja-pizza-mediana-38x38cm\/","title":{"rendered":"CAJA PIZZA GRANDE 38x38cm"},"content":{"rendered":"<p>Caja de pizza, ideal para transportar y servir pizzas individuales o porciones peque\u00f1as. Fabricada en cart\u00f3n resistente, proporciona una opci\u00f3n pr\u00e1ctica y segura para mantener la pizza fresca y caliente.<\/p>\n<p>Tama\u00f1o: 38 cm x 38 cm<br \/>\nPaquete de Venta: 50 Unidades<\/p>\n<p>Unidades por Caja: 50 Unidades<\/p>\n","protected":false},"excerpt":{"rendered":"<p><strong>CAJA PIZZA GRANDE<\/strong><\/p>\n<p>Tama\u00f1o: 38 cm x 38 cm<br \/>\nPaquete de Venta: 50 Unidades<\/p>\n<p>&nbsp;<\/p>\n","protected":false},"featured_media":15340,"comment_status":"open","ping_status":"closed","template":"","meta":{"_monsterinsights_skip_tracking":false,"_monsterinsights_sitenote_active":false,"_monsterinsights_sitenote_note":"","_monsterinsights_sitenote_category":0},"product_cat":[263,249,239,36],"product_tag":[264],"jetpack_sharing_enabled":true,"_links":{"self":[{"href":"https:\/\/galei.cl\/index.php\/wp-json\/wp\/v2\/product\/15342"}],"collection":[{"href":"https:\/\/galei.cl\/index.php\/wp-json\/wp\/v2\/product"}],"about":[{"href":"https:\/\/galei.cl\/index.php\/wp-json\/wp\/v2\/types\/product"}],"replies":[{"embeddable":true,"href":"https:\/\/galei.cl\/index.php\/wp-json\/wp\/v2\/comments?post=15342"}],"wp:featuredmedia":[{"embeddable":true,"href":"https:\/\/galei.cl\/index.php\/wp-json\/wp\/v2\/media\/15340"}],"wp:attachment":[{"href":"https:\/\/galei.cl\/index.php\/wp-json\/wp\/v2\/media?parent=15342"}],"wp:term":[{"taxonomy":"product_cat","embeddable":true,"href":"https:\/\/galei.cl\/index.php\/wp-json\/wp\/v2\/product_cat?post=15342"},{"taxonomy":"product_tag","embeddable":true,"href":"https:\/\/galei.cl\/index.php\/wp-json\/wp\/v2\/product_tag?post=15342"}],"curies":[{"name":"wp","href":"https:\/\/api.w.org\/{rel}","templated":true}]}}