{"id":15343,"date":"2024-09-27T06:56:49","date_gmt":"2024-09-27T09:56:49","guid":{"rendered":"https:\/\/galei.cl\/?post_type=product&#038;p=15343"},"modified":"2025-09-30T10:09:00","modified_gmt":"2025-09-30T13:09:00","slug":"servilletas-cocktel-caja-propaper","status":"publish","type":"product","link":"https:\/\/galei.cl\/index.php\/producto\/servilletas-cocktel-caja-propaper\/","title":{"rendered":"SERVILLETAS COCKTEL CAJA PROPAPER"},"content":{"rendered":"<p>Servilletas para c\u00f3ctel de la caja Propaper, ideales para eventos y reuniones. Fabricadas en material absorbente, ofrecen una opci\u00f3n elegante y funcional para mantener las manos limpias y limpiar peque\u00f1os derrames.<\/p>\n<p>Cantidad: 12 x 300<br \/>\nPaquete de Venta: 12 x 300 Unidades<\/p>\n<p>Unidades por Caja: 12 x 300 Unidades<\/p>\n","protected":false},"excerpt":{"rendered":"<p><strong>SERVILLETAS COCKTEL CAJA PROPAPER<\/strong><\/p>\n<p>Cantidad: 12 x 300<br \/>\nPaquete de Venta: 12 x 300 Unidades<\/p>\n<p>&nbsp;<\/p>\n","protected":false},"featured_media":15333,"comment_status":"open","ping_status":"closed","template":"","meta":{"_monsterinsights_skip_tracking":false,"_monsterinsights_sitenote_active":false,"_monsterinsights_sitenote_note":"","_monsterinsights_sitenote_category":0},"product_cat":[269,36],"product_tag":[],"jetpack_sharing_enabled":true,"_links":{"self":[{"href":"https:\/\/galei.cl\/index.php\/wp-json\/wp\/v2\/product\/15343"}],"collection":[{"href":"https:\/\/galei.cl\/index.php\/wp-json\/wp\/v2\/product"}],"about":[{"href":"https:\/\/galei.cl\/index.php\/wp-json\/wp\/v2\/types\/product"}],"replies":[{"embeddable":true,"href":"https:\/\/galei.cl\/index.php\/wp-json\/wp\/v2\/comments?post=15343"}],"wp:featuredmedia":[{"embeddable":true,"href":"https:\/\/galei.cl\/index.php\/wp-json\/wp\/v2\/media\/15333"}],"wp:attachment":[{"href":"https:\/\/galei.cl\/index.php\/wp-json\/wp\/v2\/media?parent=15343"}],"wp:term":[{"taxonomy":"product_cat","embeddable":true,"href":"https:\/\/galei.cl\/index.php\/wp-json\/wp\/v2\/product_cat?post=15343"},{"taxonomy":"product_tag","embeddable":true,"href":"https:\/\/galei.cl\/index.php\/wp-json\/wp\/v2\/product_tag?post=15343"}],"curies":[{"name":"wp","href":"https:\/\/api.w.org\/{rel}","templated":true}]}}