{"id":15344,"date":"2024-09-27T07:02:52","date_gmt":"2024-09-27T10:02:52","guid":{"rendered":"https:\/\/galei.cl\/?post_type=product&#038;p=15344"},"modified":"2025-09-30T10:08:53","modified_gmt":"2025-09-30T13:08:53","slug":"servilletas-cocktail-natural-pack-caja-12x200","status":"publish","type":"product","link":"https:\/\/galei.cl\/index.php\/producto\/servilletas-cocktail-natural-pack-caja-12x200\/","title":{"rendered":"SERVILLETAS COCKTAIL NATURAL  PACK CAJA (12X200)"},"content":{"rendered":"<p>Servilletas pack de 300 unidades Propaper, perfectas para uso en eventos, oficinas o en el hogar. Fabricadas en material absorbente y resistente, ofrecen una opci\u00f3n pr\u00e1ctica y econ\u00f3mica para mantener la limpieza y comodidad.<\/p>\n<p>Tama\u00f1o: <strong>COCKTAIL<\/strong><br \/>\nPaquete de Venta: PACK CAJA (12X200)<\/p>\n<p>Unidades por Caja: 12 x 200 Unidades<\/p>\n","protected":false},"excerpt":{"rendered":"<p><strong>SERVILLETAS COCKTAIL NATURAL<\/strong><\/p>\n<p>Tama\u00f1o: <strong>COCKTAIL<\/strong><br \/>\nPaquete de Venta: PACK CAJA (12X200)<\/p>\n<p>&nbsp;<\/p>\n","protected":false},"featured_media":15332,"comment_status":"open","ping_status":"closed","template":"","meta":{"_monsterinsights_skip_tracking":false,"_monsterinsights_sitenote_active":false,"_monsterinsights_sitenote_note":"","_monsterinsights_sitenote_category":0},"product_cat":[269,36],"product_tag":[],"jetpack_sharing_enabled":true,"_links":{"self":[{"href":"https:\/\/galei.cl\/index.php\/wp-json\/wp\/v2\/product\/15344"}],"collection":[{"href":"https:\/\/galei.cl\/index.php\/wp-json\/wp\/v2\/product"}],"about":[{"href":"https:\/\/galei.cl\/index.php\/wp-json\/wp\/v2\/types\/product"}],"replies":[{"embeddable":true,"href":"https:\/\/galei.cl\/index.php\/wp-json\/wp\/v2\/comments?post=15344"}],"wp:featuredmedia":[{"embeddable":true,"href":"https:\/\/galei.cl\/index.php\/wp-json\/wp\/v2\/media\/15332"}],"wp:attachment":[{"href":"https:\/\/galei.cl\/index.php\/wp-json\/wp\/v2\/media?parent=15344"}],"wp:term":[{"taxonomy":"product_cat","embeddable":true,"href":"https:\/\/galei.cl\/index.php\/wp-json\/wp\/v2\/product_cat?post=15344"},{"taxonomy":"product_tag","embeddable":true,"href":"https:\/\/galei.cl\/index.php\/wp-json\/wp\/v2\/product_tag?post=15344"}],"curies":[{"name":"wp","href":"https:\/\/api.w.org\/{rel}","templated":true}]}}