{"id":15348,"date":"2024-09-27T07:13:08","date_gmt":"2024-09-27T10:13:08","guid":{"rendered":"https:\/\/galei.cl\/?post_type=product&#038;p=15348"},"modified":"2025-09-30T10:08:32","modified_gmt":"2025-09-30T13:08:32","slug":"servilleta-express-elite-clasic-216x10-cm","status":"publish","type":"product","link":"https:\/\/galei.cl\/index.php\/producto\/servilleta-express-elite-clasic-216x10-cm\/","title":{"rendered":"SERVILLETA EXPRESS ELITE CLASIC 21,6x10cm"},"content":{"rendered":"<p>Servilletas Express Elite, de 21,6&#215;10,5 cm, ideales para un uso eficiente en entornos comerciales y de alta afluencia. Fabricadas en material absorbente, ofrecen una opci\u00f3n pr\u00e1ctica y conveniente para la limpieza y secado en ba\u00f1os y \u00e1reas de servicio.<\/p>\n<p>Cantidad: 21,6 x 10cm<br \/>\nPaquete de Venta: 72 x 250 Unidades<\/p>\n<p>Unidades por Caja: 72 x 250 Unidades<\/p>\n","protected":false},"excerpt":{"rendered":"<p><strong>SERVILLETA EXPRESS ELITE CLASIC<\/strong><\/p>\n<p>Cantidad: 21,6 x 10cm<br \/>\nPaquete de Venta: 72 x 250 Unidades<\/p>\n<p>&nbsp;<\/p>\n","protected":false},"featured_media":15331,"comment_status":"open","ping_status":"closed","template":"","meta":{"_monsterinsights_skip_tracking":false,"_monsterinsights_sitenote_active":false,"_monsterinsights_sitenote_note":"","_monsterinsights_sitenote_category":0},"product_cat":[269,36],"product_tag":[],"jetpack_sharing_enabled":true,"_links":{"self":[{"href":"https:\/\/galei.cl\/index.php\/wp-json\/wp\/v2\/product\/15348"}],"collection":[{"href":"https:\/\/galei.cl\/index.php\/wp-json\/wp\/v2\/product"}],"about":[{"href":"https:\/\/galei.cl\/index.php\/wp-json\/wp\/v2\/types\/product"}],"replies":[{"embeddable":true,"href":"https:\/\/galei.cl\/index.php\/wp-json\/wp\/v2\/comments?post=15348"}],"wp:featuredmedia":[{"embeddable":true,"href":"https:\/\/galei.cl\/index.php\/wp-json\/wp\/v2\/media\/15331"}],"wp:attachment":[{"href":"https:\/\/galei.cl\/index.php\/wp-json\/wp\/v2\/media?parent=15348"}],"wp:term":[{"taxonomy":"product_cat","embeddable":true,"href":"https:\/\/galei.cl\/index.php\/wp-json\/wp\/v2\/product_cat?post=15348"},{"taxonomy":"product_tag","embeddable":true,"href":"https:\/\/galei.cl\/index.php\/wp-json\/wp\/v2\/product_tag?post=15348"}],"curies":[{"name":"wp","href":"https:\/\/api.w.org\/{rel}","templated":true}]}}