{"id":15349,"date":"2024-09-27T07:18:21","date_gmt":"2024-09-27T10:18:21","guid":{"rendered":"https:\/\/galei.cl\/?post_type=product&#038;p=15349"},"modified":"2025-09-30T10:08:26","modified_gmt":"2025-09-30T13:08:26","slug":"toallas-interfoliadas-elite-cja-18x200","status":"publish","type":"product","link":"https:\/\/galei.cl\/index.php\/producto\/toallas-interfoliadas-elite-cja-18x200\/","title":{"rendered":"TOALLAS INTERFOLIADAS ELITE CJA"},"content":{"rendered":"<p>Toallas interfoliadas Elite, caja de 18&#215;200 unidades, ideales para un uso eficiente en entornos comerciales y de alta afluencia. Fabricadas en material absorbente, ofrecen una opci\u00f3n pr\u00e1ctica y conveniente para la limpieza y secado en ba\u00f1os y \u00e1reas de servicio.<\/p>\n<p>Paquete de Venta: CJA 18 x 200<br \/>\nDoble Hojas<\/p>\n<p>&nbsp;<\/p>\n","protected":false},"excerpt":{"rendered":"<p><strong>TOALLAS INTERFOLIADAS ELITE <\/strong><\/p>\n<p>Paquete de Venta: CJA 18 x 200<br \/>\nDoble Hojas<\/p>\n<p>&nbsp;<\/p>\n","protected":false},"featured_media":15334,"comment_status":"open","ping_status":"closed","template":"","meta":{"_monsterinsights_skip_tracking":false,"_monsterinsights_sitenote_active":false,"_monsterinsights_sitenote_note":"","_monsterinsights_sitenote_category":0},"product_cat":[269,36],"product_tag":[],"jetpack_sharing_enabled":true,"_links":{"self":[{"href":"https:\/\/galei.cl\/index.php\/wp-json\/wp\/v2\/product\/15349"}],"collection":[{"href":"https:\/\/galei.cl\/index.php\/wp-json\/wp\/v2\/product"}],"about":[{"href":"https:\/\/galei.cl\/index.php\/wp-json\/wp\/v2\/types\/product"}],"replies":[{"embeddable":true,"href":"https:\/\/galei.cl\/index.php\/wp-json\/wp\/v2\/comments?post=15349"}],"wp:featuredmedia":[{"embeddable":true,"href":"https:\/\/galei.cl\/index.php\/wp-json\/wp\/v2\/media\/15334"}],"wp:attachment":[{"href":"https:\/\/galei.cl\/index.php\/wp-json\/wp\/v2\/media?parent=15349"}],"wp:term":[{"taxonomy":"product_cat","embeddable":true,"href":"https:\/\/galei.cl\/index.php\/wp-json\/wp\/v2\/product_cat?post=15349"},{"taxonomy":"product_tag","embeddable":true,"href":"https:\/\/galei.cl\/index.php\/wp-json\/wp\/v2\/product_tag?post=15349"}],"curies":[{"name":"wp","href":"https:\/\/api.w.org\/{rel}","templated":true}]}}