{"id":15371,"date":"2024-09-27T08:10:31","date_gmt":"2024-09-27T11:10:31","guid":{"rendered":"https:\/\/galei.cl\/?post_type=product&#038;p=15371"},"modified":"2025-09-30T10:07:24","modified_gmt":"2025-09-30T13:07:24","slug":"guantes-de-examen-vinilo-tresor-s-m-l","status":"publish","type":"product","link":"https:\/\/galei.cl\/index.php\/producto\/guantes-de-examen-vinilo-tresor-s-m-l\/","title":{"rendered":"GUANTES DE EXAMEN VINILO TRESOR S-M-L"},"content":{"rendered":"<p><strong>Guante Vinilo examinaci\u00f3n sin polvo 1X100<\/strong><\/p>\n<p><strong>Descripci\u00f3n<\/strong><\/p>\n<p>Los guantes de vinilo sin polvo son una excelente barrera de protecci\u00f3n personal, ideal para al\u00e9rgicos al l\u00e1tex. Se usa en procedimientos simples y cortos no est\u00e9riles, con m\u00ednima exposici\u00f3n de fluidos de alto riesgo biol\u00f3gico y\/o qu\u00edmico. Ofrecen menor resistencia que el l\u00e1tex y el nitrilo, sin embargo, son guantes muy vers\u00e1tiles ampliamente usados en el mercado de la salud, alimenticio, industrial, est\u00e9tico y en laboratorios.<\/p>\n<p>Tallas S &#8211; M &#8211; L<br \/>\nPaquete de Venta: 1 x 100 Unidades<\/p>\n","protected":false},"excerpt":{"rendered":"<p><strong>GUANTES DE EXAMEN VINILO TRESOR<\/strong><\/p>\n<p>Tallas: S &#8211; M &#8211; L<br \/>\nPaquete de Venta: 1 x 100 Unidades<\/p>\n<p>&nbsp;<\/p>\n","protected":false},"featured_media":15359,"comment_status":"open","ping_status":"closed","template":"","meta":{"_monsterinsights_skip_tracking":false,"_monsterinsights_sitenote_active":false,"_monsterinsights_sitenote_note":"","_monsterinsights_sitenote_category":0},"product_cat":[275,272,36],"product_tag":[274],"jetpack_sharing_enabled":true,"_links":{"self":[{"href":"https:\/\/galei.cl\/index.php\/wp-json\/wp\/v2\/product\/15371"}],"collection":[{"href":"https:\/\/galei.cl\/index.php\/wp-json\/wp\/v2\/product"}],"about":[{"href":"https:\/\/galei.cl\/index.php\/wp-json\/wp\/v2\/types\/product"}],"replies":[{"embeddable":true,"href":"https:\/\/galei.cl\/index.php\/wp-json\/wp\/v2\/comments?post=15371"}],"wp:featuredmedia":[{"embeddable":true,"href":"https:\/\/galei.cl\/index.php\/wp-json\/wp\/v2\/media\/15359"}],"wp:attachment":[{"href":"https:\/\/galei.cl\/index.php\/wp-json\/wp\/v2\/media?parent=15371"}],"wp:term":[{"taxonomy":"product_cat","embeddable":true,"href":"https:\/\/galei.cl\/index.php\/wp-json\/wp\/v2\/product_cat?post=15371"},{"taxonomy":"product_tag","embeddable":true,"href":"https:\/\/galei.cl\/index.php\/wp-json\/wp\/v2\/product_tag?post=15371"}],"curies":[{"name":"wp","href":"https:\/\/api.w.org\/{rel}","templated":true}]}}