{"id":15372,"date":"2024-09-27T08:15:46","date_gmt":"2024-09-27T11:15:46","guid":{"rendered":"https:\/\/galei.cl\/?post_type=product&#038;p=15372"},"modified":"2025-09-30T10:07:17","modified_gmt":"2025-09-30T13:07:17","slug":"guantes-de-examen-vinilo-nitro-s-m-l","status":"publish","type":"product","link":"https:\/\/galei.cl\/index.php\/producto\/guantes-de-examen-vinilo-nitro-s-m-l\/","title":{"rendered":"GUANTES DE EXAMEN VINILO NITRO S-M-L"},"content":{"rendered":"<p><strong>Guante Nitrilo de examinaci\u00f3n sin polvo\u00a0<\/strong><\/p>\n<p><strong>Descripci\u00f3n<\/strong><\/p>\n<p>Los guantes de nitrilo sin polvo, son una excelente barrera de protecci\u00f3n f\u00edsica y qu\u00edmica. Dan una mayor protecci\u00f3n contra la abrasi\u00f3n y resistencia ante los fluidos corporales, en comparaci\u00f3n al l\u00e1tex y el vinilo. Las caracter\u00edsticas de resistencia, elasticidad Ni y flexibilidad lo categorizan como un guante sumamente vers\u00e1til. Es un producto libre de l\u00e1tex, inodoro y ambidiestro. Su uso se extiende al \u00e1rea industrial, alimenticia, hotelera, casinos, restaurant, ferreter\u00eda, mec\u00e1nica y est\u00e9tica.<\/p>\n<p>Tallas: S &#8211; M &#8211; L<br \/>\nPaquete de Venta: 1 x 100 Unidades<\/p>\n","protected":false},"excerpt":{"rendered":"<p><strong>GUANTES DE EXAMEN VINILO NITRO<\/strong><\/p>\n<p>Tallas: S &#8211; M &#8211; L<br \/>\nPaquete de Venta: 1 x 100 Unidades<\/p>\n<p>&nbsp;<\/p>\n","protected":false},"featured_media":15360,"comment_status":"open","ping_status":"closed","template":"","meta":{"_monsterinsights_skip_tracking":false,"_monsterinsights_sitenote_active":false,"_monsterinsights_sitenote_note":"","_monsterinsights_sitenote_category":0},"product_cat":[275,301,36],"product_tag":[274],"jetpack_sharing_enabled":true,"_links":{"self":[{"href":"https:\/\/galei.cl\/index.php\/wp-json\/wp\/v2\/product\/15372"}],"collection":[{"href":"https:\/\/galei.cl\/index.php\/wp-json\/wp\/v2\/product"}],"about":[{"href":"https:\/\/galei.cl\/index.php\/wp-json\/wp\/v2\/types\/product"}],"replies":[{"embeddable":true,"href":"https:\/\/galei.cl\/index.php\/wp-json\/wp\/v2\/comments?post=15372"}],"wp:featuredmedia":[{"embeddable":true,"href":"https:\/\/galei.cl\/index.php\/wp-json\/wp\/v2\/media\/15360"}],"wp:attachment":[{"href":"https:\/\/galei.cl\/index.php\/wp-json\/wp\/v2\/media?parent=15372"}],"wp:term":[{"taxonomy":"product_cat","embeddable":true,"href":"https:\/\/galei.cl\/index.php\/wp-json\/wp\/v2\/product_cat?post=15372"},{"taxonomy":"product_tag","embeddable":true,"href":"https:\/\/galei.cl\/index.php\/wp-json\/wp\/v2\/product_tag?post=15372"}],"curies":[{"name":"wp","href":"https:\/\/api.w.org\/{rel}","templated":true}]}}