{"id":15373,"date":"2024-09-27T08:19:41","date_gmt":"2024-09-27T11:19:41","guid":{"rendered":"https:\/\/galei.cl\/?post_type=product&#038;p=15373"},"modified":"2025-09-30T10:07:09","modified_gmt":"2025-09-30T13:07:09","slug":"guante-de-examen-nitrilo-azul-xs-s-m-l","status":"publish","type":"product","link":"https:\/\/galei.cl\/index.php\/producto\/guante-de-examen-nitrilo-azul-xs-s-m-l\/","title":{"rendered":"GUANTE DE EXAMEN NITRILO AZUL XS-S-M-L"},"content":{"rendered":"<p>Guante desechable de l\u00e1tex natural, su dise\u00f1o ambidiestro no est\u00e9ril y ligeramente empolvado en su interior, brinda una c\u00f3moda barrera de seguridad para procedimientos o intervenci\u00f3n sanitaria y manipulaci\u00f3n de alimentos.<\/p>\n<p>Tallas: S &#8211; M &#8211; L<br \/>\nPaquete de Venta: 1 x 100 Unidades<\/p>\n","protected":false},"excerpt":{"rendered":"<p><strong>GUANTE DE EXAMEN NITRILO AZUL<\/strong><\/p>\n<p>Tallas: XS &#8211; S &#8211; M &#8211; L<br \/>\nPaquete de Venta: 1 x 100 Unidades<\/p>\n<p>&nbsp;<\/p>\n","protected":false},"featured_media":15361,"comment_status":"open","ping_status":"closed","template":"","meta":{"_monsterinsights_skip_tracking":false,"_monsterinsights_sitenote_active":false,"_monsterinsights_sitenote_note":"","_monsterinsights_sitenote_category":0},"product_cat":[275,272,36],"product_tag":[274],"jetpack_sharing_enabled":true,"_links":{"self":[{"href":"https:\/\/galei.cl\/index.php\/wp-json\/wp\/v2\/product\/15373"}],"collection":[{"href":"https:\/\/galei.cl\/index.php\/wp-json\/wp\/v2\/product"}],"about":[{"href":"https:\/\/galei.cl\/index.php\/wp-json\/wp\/v2\/types\/product"}],"replies":[{"embeddable":true,"href":"https:\/\/galei.cl\/index.php\/wp-json\/wp\/v2\/comments?post=15373"}],"wp:featuredmedia":[{"embeddable":true,"href":"https:\/\/galei.cl\/index.php\/wp-json\/wp\/v2\/media\/15361"}],"wp:attachment":[{"href":"https:\/\/galei.cl\/index.php\/wp-json\/wp\/v2\/media?parent=15373"}],"wp:term":[{"taxonomy":"product_cat","embeddable":true,"href":"https:\/\/galei.cl\/index.php\/wp-json\/wp\/v2\/product_cat?post=15373"},{"taxonomy":"product_tag","embeddable":true,"href":"https:\/\/galei.cl\/index.php\/wp-json\/wp\/v2\/product_tag?post=15373"}],"curies":[{"name":"wp","href":"https:\/\/api.w.org\/{rel}","templated":true}]}}