{"id":15375,"date":"2024-09-27T08:29:06","date_gmt":"2024-09-27T11:29:06","guid":{"rendered":"https:\/\/galei.cl\/?post_type=product&#038;p=15375"},"modified":"2025-09-30T10:06:44","modified_gmt":"2025-09-30T13:06:44","slug":"guante-de-nitrilo-negro-tallas-s-m-l","status":"publish","type":"product","link":"https:\/\/galei.cl\/index.php\/producto\/guante-de-nitrilo-negro-tallas-s-m-l\/","title":{"rendered":"GUANTE DE NITRILO NEGRO TALLAS S-M-L"},"content":{"rendered":"<p>Ofrecer una protecci\u00f3n superior en entornos profesionales y m\u00e9dicos. Son resistentes, libres de l\u00e1tex y polvo, proporcionando comodidad y seguridad sin comprometer la flexibilidad.<\/p>\n<p>Tallas:\u00a0 S &#8211; M &#8211; L<br \/>\nPaquete de Venta: 1 x 100 Unidades<\/p>\n","protected":false},"excerpt":{"rendered":"<p><strong>GUANTE DE NITRILO NEGRO TALLAS<\/strong><\/p>\n<p>Tallas: S &#8211; M &#8211; L<br \/>\nPaquete de Venta: 1 x 100 Unidades<\/p>\n<p>&nbsp;<\/p>\n","protected":false},"featured_media":15364,"comment_status":"open","ping_status":"closed","template":"","meta":{"_monsterinsights_skip_tracking":false,"_monsterinsights_sitenote_active":false,"_monsterinsights_sitenote_note":"","_monsterinsights_sitenote_category":0},"product_cat":[275,272,36],"product_tag":[274],"jetpack_sharing_enabled":true,"_links":{"self":[{"href":"https:\/\/galei.cl\/index.php\/wp-json\/wp\/v2\/product\/15375"}],"collection":[{"href":"https:\/\/galei.cl\/index.php\/wp-json\/wp\/v2\/product"}],"about":[{"href":"https:\/\/galei.cl\/index.php\/wp-json\/wp\/v2\/types\/product"}],"replies":[{"embeddable":true,"href":"https:\/\/galei.cl\/index.php\/wp-json\/wp\/v2\/comments?post=15375"}],"wp:featuredmedia":[{"embeddable":true,"href":"https:\/\/galei.cl\/index.php\/wp-json\/wp\/v2\/media\/15364"}],"wp:attachment":[{"href":"https:\/\/galei.cl\/index.php\/wp-json\/wp\/v2\/media?parent=15375"}],"wp:term":[{"taxonomy":"product_cat","embeddable":true,"href":"https:\/\/galei.cl\/index.php\/wp-json\/wp\/v2\/product_cat?post=15375"},{"taxonomy":"product_tag","embeddable":true,"href":"https:\/\/galei.cl\/index.php\/wp-json\/wp\/v2\/product_tag?post=15375"}],"curies":[{"name":"wp","href":"https:\/\/api.w.org\/{rel}","templated":true}]}}