{"id":15376,"date":"2024-09-27T08:34:05","date_gmt":"2024-09-27T11:34:05","guid":{"rendered":"https:\/\/galei.cl\/?post_type=product&#038;p=15376"},"modified":"2025-09-30T10:06:34","modified_gmt":"2025-09-30T13:06:34","slug":"gusnte-quirurgico-esteril","status":"publish","type":"product","link":"https:\/\/galei.cl\/index.php\/producto\/gusnte-quirurgico-esteril\/","title":{"rendered":"GUANTE QUIRURGICO ESTERIL"},"content":{"rendered":"<p><strong>Guante l\u00e1tex quir\u00fargico est\u00e9ril ligeramente empolvados 1X100<\/strong><\/p>\n<p><strong>Descripci\u00f3n<\/strong><\/p>\n<p>El guante de l\u00e1tex quir\u00fargico est\u00e9ril ligeramente empolvado, es una excelente barrera f\u00edsica. Este guante brinda un calce c\u00f3modo, flexible y muy resistente, apto para usar por un tiempo prolongado, se usa en cl\u00ednicas, hospitales y laboratorios. Este guante tiene caracter\u00edsticas anat\u00f3micas Premium que no agotan la mano del usuario permitiendo un uso prolongado en el tiempo, su alta elasticidad y resistencia permite su uso en intervenciones quir\u00fargicas asegurando la mantenci\u00f3n de su estructura.<\/p>\n<p>Tallas: 6 &#8211; 6,5 &#8211; 7 &#8211; 7,5 &#8211; 8 &#8211; 8,5<br \/>\nPaquete de Venta: 1 x 100 Unidades<\/p>\n","protected":false},"excerpt":{"rendered":"<p><strong>GUANTE QUIRURGICO ESTERIL<\/strong><\/p>\n<p>Tallas: 6 &#8211; 6,5 &#8211; 7 &#8211; 7,5 &#8211; 8 &#8211; 8,5<br \/>\nPaquete de Venta: 1 x 100 Unidades<\/p>\n<p>&nbsp;<\/p>\n","protected":false},"featured_media":15365,"comment_status":"open","ping_status":"closed","template":"","meta":{"_monsterinsights_skip_tracking":false,"_monsterinsights_sitenote_active":false,"_monsterinsights_sitenote_note":"","_monsterinsights_sitenote_category":0},"product_cat":[275,272,36],"product_tag":[274],"jetpack_sharing_enabled":true,"_links":{"self":[{"href":"https:\/\/galei.cl\/index.php\/wp-json\/wp\/v2\/product\/15376"}],"collection":[{"href":"https:\/\/galei.cl\/index.php\/wp-json\/wp\/v2\/product"}],"about":[{"href":"https:\/\/galei.cl\/index.php\/wp-json\/wp\/v2\/types\/product"}],"replies":[{"embeddable":true,"href":"https:\/\/galei.cl\/index.php\/wp-json\/wp\/v2\/comments?post=15376"}],"wp:featuredmedia":[{"embeddable":true,"href":"https:\/\/galei.cl\/index.php\/wp-json\/wp\/v2\/media\/15365"}],"wp:attachment":[{"href":"https:\/\/galei.cl\/index.php\/wp-json\/wp\/v2\/media?parent=15376"}],"wp:term":[{"taxonomy":"product_cat","embeddable":true,"href":"https:\/\/galei.cl\/index.php\/wp-json\/wp\/v2\/product_cat?post=15376"},{"taxonomy":"product_tag","embeddable":true,"href":"https:\/\/galei.cl\/index.php\/wp-json\/wp\/v2\/product_tag?post=15376"}],"curies":[{"name":"wp","href":"https:\/\/api.w.org\/{rel}","templated":true}]}}