{"id":15377,"date":"2024-09-27T08:37:30","date_gmt":"2024-09-27T11:37:30","guid":{"rendered":"https:\/\/galei.cl\/?post_type=product&#038;p=15377"},"modified":"2025-09-30T10:06:27","modified_gmt":"2025-09-30T13:06:27","slug":"guante-nitrilo-industrial-verde-tallas-s-m-l-xl","status":"publish","type":"product","link":"https:\/\/galei.cl\/index.php\/producto\/guante-nitrilo-industrial-verde-tallas-s-m-l-xl\/","title":{"rendered":"GUANTE NITRILO INDUSTRIAL VERDE"},"content":{"rendered":"<p><strong>GUANTE NITRILO INDUSTRAL VERDE <\/strong><\/p>\n<p>Los guantes de nitrilo sint\u00e9tico son una excelente barrera de protecci\u00f3n biol\u00f3gica y qu\u00edmica. Las caracter\u00edsticas del producto lo categorizan como un guante Premium cuyo uso se extiende al \u00e1rea cl\u00ednica, farmac\u00e9utica, industrial y alimenticia.<\/p>\n<p>Tallas: S &#8211; M &#8211; L &#8211; XL<br \/>\nPaquete de Venta: 12 PARES<\/p>\n<p>Caja: 120 PARES<\/p>\n","protected":false},"excerpt":{"rendered":"<p><strong>GUANTE NITRILO INDUSTRIAL VERDE TALLAS<\/strong><\/p>\n<p>Tallas: S &#8211; M &#8211; L &#8211; XL<br \/>\nPaquete de Venta: 12 PARES<\/p>\n<p>&nbsp;<\/p>\n","protected":false},"featured_media":15379,"comment_status":"open","ping_status":"closed","template":"","meta":{"_monsterinsights_skip_tracking":false,"_monsterinsights_sitenote_active":false,"_monsterinsights_sitenote_note":"","_monsterinsights_sitenote_category":0},"product_cat":[275,281,36],"product_tag":[276,294],"jetpack_sharing_enabled":true,"_links":{"self":[{"href":"https:\/\/galei.cl\/index.php\/wp-json\/wp\/v2\/product\/15377"}],"collection":[{"href":"https:\/\/galei.cl\/index.php\/wp-json\/wp\/v2\/product"}],"about":[{"href":"https:\/\/galei.cl\/index.php\/wp-json\/wp\/v2\/types\/product"}],"replies":[{"embeddable":true,"href":"https:\/\/galei.cl\/index.php\/wp-json\/wp\/v2\/comments?post=15377"}],"wp:featuredmedia":[{"embeddable":true,"href":"https:\/\/galei.cl\/index.php\/wp-json\/wp\/v2\/media\/15379"}],"wp:attachment":[{"href":"https:\/\/galei.cl\/index.php\/wp-json\/wp\/v2\/media?parent=15377"}],"wp:term":[{"taxonomy":"product_cat","embeddable":true,"href":"https:\/\/galei.cl\/index.php\/wp-json\/wp\/v2\/product_cat?post=15377"},{"taxonomy":"product_tag","embeddable":true,"href":"https:\/\/galei.cl\/index.php\/wp-json\/wp\/v2\/product_tag?post=15377"}],"curies":[{"name":"wp","href":"https:\/\/api.w.org\/{rel}","templated":true}]}}