{"id":15386,"date":"2024-09-27T08:52:14","date_gmt":"2024-09-27T11:52:14","guid":{"rendered":"https:\/\/galei.cl\/?post_type=product&#038;p=15386"},"modified":"2025-09-30T10:06:19","modified_gmt":"2025-09-30T13:06:19","slug":"guante-latex-domestico-amarillo","status":"publish","type":"product","link":"https:\/\/galei.cl\/index.php\/producto\/guante-latex-domestico-amarillo\/","title":{"rendered":"GUANTE LATEX DOMESTICO AMARILLO"},"content":{"rendered":"<p><strong>GUANTE DOMESTICO AMARILLO<\/strong><\/p>\n<p><strong>Descripci\u00f3n<\/strong><\/p>\n<p>Los guantes de l\u00e1tex dom\u00e9sticos son una excelente barrera f\u00edsica para grasas y detergentes, permitiendo realizar labores de limpieza de manera segura en casa, hoteles, casinos y restaurantes. Este guante permite al operador realizar sus funciones con gran destreza principalmente por su forma anat\u00f3mica y el texturado en dedos y palma.<\/p>\n<p>Tallas: S &#8211; M &#8211; L &#8211; XL<br \/>\nPaquete de Venta: 12 PARES<\/p>\n<p>Caja: 120 PARES<\/p>\n","protected":false},"excerpt":{"rendered":"<p><strong>GUANTE DOMESTICO AMARILLO<\/strong><\/p>\n<p>Tallas: S &#8211; M &#8211; L &#8211; XL<br \/>\nPaquete de Venta: 12 PARES<\/p>\n<p>&nbsp;<\/p>\n","protected":false},"featured_media":15378,"comment_status":"open","ping_status":"closed","template":"","meta":{"_monsterinsights_skip_tracking":false,"_monsterinsights_sitenote_active":false,"_monsterinsights_sitenote_note":"","_monsterinsights_sitenote_category":0},"product_cat":[275,281,301,36],"product_tag":[277,294],"jetpack_sharing_enabled":true,"_links":{"self":[{"href":"https:\/\/galei.cl\/index.php\/wp-json\/wp\/v2\/product\/15386"}],"collection":[{"href":"https:\/\/galei.cl\/index.php\/wp-json\/wp\/v2\/product"}],"about":[{"href":"https:\/\/galei.cl\/index.php\/wp-json\/wp\/v2\/types\/product"}],"replies":[{"embeddable":true,"href":"https:\/\/galei.cl\/index.php\/wp-json\/wp\/v2\/comments?post=15386"}],"wp:featuredmedia":[{"embeddable":true,"href":"https:\/\/galei.cl\/index.php\/wp-json\/wp\/v2\/media\/15378"}],"wp:attachment":[{"href":"https:\/\/galei.cl\/index.php\/wp-json\/wp\/v2\/media?parent=15386"}],"wp:term":[{"taxonomy":"product_cat","embeddable":true,"href":"https:\/\/galei.cl\/index.php\/wp-json\/wp\/v2\/product_cat?post=15386"},{"taxonomy":"product_tag","embeddable":true,"href":"https:\/\/galei.cl\/index.php\/wp-json\/wp\/v2\/product_tag?post=15386"}],"curies":[{"name":"wp","href":"https:\/\/api.w.org\/{rel}","templated":true}]}}