{"id":15387,"date":"2024-09-27T09:01:51","date_gmt":"2024-09-27T12:01:51","guid":{"rendered":"https:\/\/galei.cl\/?post_type=product&#038;p=15387"},"modified":"2025-09-30T10:06:12","modified_gmt":"2025-09-30T13:06:12","slug":"gorro-clip-blanco","status":"publish","type":"product","link":"https:\/\/galei.cl\/index.php\/producto\/gorro-clip-blanco\/","title":{"rendered":"GORRO ENFERMERA CLIP BLANCO"},"content":{"rendered":"<p>Elemento de protecci\u00f3n personal desechable, utilizado para proteger el cabello de salpicaduras, l\u00edquidos y polvos. A su vez lo mantiene dentro de la estructura evitando que contamine el ambiente con su ca\u00edda.<\/p>\n<p>Marca: Tresor<\/p>\n<p>Paquete de Venta: Bolsa x 100 unidades<\/p>\n<p>Caja: 1000 Unidades<\/p>\n","protected":false},"excerpt":{"rendered":"<p><strong>GORRO CLIP BLANCO<\/strong><\/p>\n<p>Marca: Tresor<br \/>\nPaquete de Venta: Bolsa x 100 unidades<\/p>\n<p>&nbsp;<\/p>\n","protected":false},"featured_media":15385,"comment_status":"open","ping_status":"closed","template":"","meta":{"_monsterinsights_skip_tracking":false,"_monsterinsights_sitenote_active":false,"_monsterinsights_sitenote_note":"","_monsterinsights_sitenote_category":0},"product_cat":[278,281,272,301,36],"product_tag":[279,294],"jetpack_sharing_enabled":true,"_links":{"self":[{"href":"https:\/\/galei.cl\/index.php\/wp-json\/wp\/v2\/product\/15387"}],"collection":[{"href":"https:\/\/galei.cl\/index.php\/wp-json\/wp\/v2\/product"}],"about":[{"href":"https:\/\/galei.cl\/index.php\/wp-json\/wp\/v2\/types\/product"}],"replies":[{"embeddable":true,"href":"https:\/\/galei.cl\/index.php\/wp-json\/wp\/v2\/comments?post=15387"}],"wp:featuredmedia":[{"embeddable":true,"href":"https:\/\/galei.cl\/index.php\/wp-json\/wp\/v2\/media\/15385"}],"wp:attachment":[{"href":"https:\/\/galei.cl\/index.php\/wp-json\/wp\/v2\/media?parent=15387"}],"wp:term":[{"taxonomy":"product_cat","embeddable":true,"href":"https:\/\/galei.cl\/index.php\/wp-json\/wp\/v2\/product_cat?post=15387"},{"taxonomy":"product_tag","embeddable":true,"href":"https:\/\/galei.cl\/index.php\/wp-json\/wp\/v2\/product_tag?post=15387"}],"curies":[{"name":"wp","href":"https:\/\/api.w.org\/{rel}","templated":true}]}}