{"id":15388,"date":"2024-09-27T09:06:25","date_gmt":"2024-09-27T12:06:25","guid":{"rendered":"https:\/\/galei.cl\/?post_type=product&#038;p=15388"},"modified":"2025-09-30T10:06:05","modified_gmt":"2025-09-30T13:06:05","slug":"redecilla-negra-10x100","status":"publish","type":"product","link":"https:\/\/galei.cl\/index.php\/producto\/redecilla-negra-10x100\/","title":{"rendered":"REDECILLA NEGRA"},"content":{"rendered":"<p>Elemento de protecci\u00f3n personal apto para contener el cabello dentro de la red y as\u00ed mantener el medio ambiente libre de este. Su principal uso es en el \u00e1rea alimenticia y de producci\u00f3n industrial.<\/p>\n<p>Marca: Tresor<\/p>\n<p>Paquete de Venta: Bolsa x 100 unidades<\/p>\n<p>Caja: 1000 Unidades<\/p>\n","protected":false},"excerpt":{"rendered":"<p>REDECILLA NEGRA<\/p>\n<p>Marca: Tresor<\/p>\n<p>Paquete de Venta: Bolsa x 100 unidades<\/p>\n<p>&nbsp;<\/p>\n","protected":false},"featured_media":15381,"comment_status":"open","ping_status":"closed","template":"","meta":{"_monsterinsights_skip_tracking":false,"_monsterinsights_sitenote_active":false,"_monsterinsights_sitenote_note":"","_monsterinsights_sitenote_category":0},"product_cat":[278,281,301,36],"product_tag":[279,294],"jetpack_sharing_enabled":true,"_links":{"self":[{"href":"https:\/\/galei.cl\/index.php\/wp-json\/wp\/v2\/product\/15388"}],"collection":[{"href":"https:\/\/galei.cl\/index.php\/wp-json\/wp\/v2\/product"}],"about":[{"href":"https:\/\/galei.cl\/index.php\/wp-json\/wp\/v2\/types\/product"}],"replies":[{"embeddable":true,"href":"https:\/\/galei.cl\/index.php\/wp-json\/wp\/v2\/comments?post=15388"}],"wp:featuredmedia":[{"embeddable":true,"href":"https:\/\/galei.cl\/index.php\/wp-json\/wp\/v2\/media\/15381"}],"wp:attachment":[{"href":"https:\/\/galei.cl\/index.php\/wp-json\/wp\/v2\/media?parent=15388"}],"wp:term":[{"taxonomy":"product_cat","embeddable":true,"href":"https:\/\/galei.cl\/index.php\/wp-json\/wp\/v2\/product_cat?post=15388"},{"taxonomy":"product_tag","embeddable":true,"href":"https:\/\/galei.cl\/index.php\/wp-json\/wp\/v2\/product_tag?post=15388"}],"curies":[{"name":"wp","href":"https:\/\/api.w.org\/{rel}","templated":true}]}}