{"id":15393,"date":"2024-09-27T09:23:36","date_gmt":"2024-09-27T12:23:36","guid":{"rendered":"https:\/\/galei.cl\/?post_type=product&#038;p=15393"},"modified":"2025-09-30T10:05:38","modified_gmt":"2025-09-30T13:05:38","slug":"sachet-sucralosa-0-5gr","status":"publish","type":"product","link":"https:\/\/galei.cl\/index.php\/producto\/sachet-sucralosa-0-5gr\/","title":{"rendered":"Sachet Sucralosa 0.5gr"},"content":{"rendered":"<p>Sachets de sucralosa de 0.5 gramos, una alternativa dulce sin calor\u00edas ideal para endulzar bebidas y alimentos sin a\u00f1adir az\u00facares. Su formato en sachets facilita su uso y porci\u00f3n controlada, perfecto para llevar a cualquier lugar.<\/p>\n<p>Peso: 0.5gr<br \/>\nPaquete de Venta: 2000 Unidades<\/p>\n<p>Unidades por Caja: 2000 Unidades<\/p>\n","protected":false},"excerpt":{"rendered":"<p><strong>Sachet Sucralosa\u00a0<\/strong><\/p>\n<p>Peso: 0.5gr<br \/>\nPaquete de Venta: 2000 Unidades<\/p>\n<p>&nbsp;<\/p>\n","protected":false},"featured_media":15394,"comment_status":"open","ping_status":"closed","template":"","meta":{"_monsterinsights_skip_tracking":false,"_monsterinsights_sitenote_active":false,"_monsterinsights_sitenote_note":"","_monsterinsights_sitenote_category":0},"product_cat":[36],"product_tag":[280,287],"jetpack_sharing_enabled":true,"_links":{"self":[{"href":"https:\/\/galei.cl\/index.php\/wp-json\/wp\/v2\/product\/15393"}],"collection":[{"href":"https:\/\/galei.cl\/index.php\/wp-json\/wp\/v2\/product"}],"about":[{"href":"https:\/\/galei.cl\/index.php\/wp-json\/wp\/v2\/types\/product"}],"replies":[{"embeddable":true,"href":"https:\/\/galei.cl\/index.php\/wp-json\/wp\/v2\/comments?post=15393"}],"wp:featuredmedia":[{"embeddable":true,"href":"https:\/\/galei.cl\/index.php\/wp-json\/wp\/v2\/media\/15394"}],"wp:attachment":[{"href":"https:\/\/galei.cl\/index.php\/wp-json\/wp\/v2\/media?parent=15393"}],"wp:term":[{"taxonomy":"product_cat","embeddable":true,"href":"https:\/\/galei.cl\/index.php\/wp-json\/wp\/v2\/product_cat?post=15393"},{"taxonomy":"product_tag","embeddable":true,"href":"https:\/\/galei.cl\/index.php\/wp-json\/wp\/v2\/product_tag?post=15393"}],"curies":[{"name":"wp","href":"https:\/\/api.w.org\/{rel}","templated":true}]}}