{"id":15829,"date":"2024-10-05T06:57:20","date_gmt":"2024-10-05T09:57:20","guid":{"rendered":"https:\/\/galei.cl\/?post_type=product&#038;p=15829"},"modified":"2025-09-30T10:04:38","modified_gmt":"2025-09-30T13:04:38","slug":"pechera-pvc","status":"publish","type":"product","link":"https:\/\/galei.cl\/index.php\/producto\/pechera-pvc\/","title":{"rendered":"Pechera Pvc"},"content":{"rendered":"<p>Delantal fabricado con cloruro de polivinilo (PVC), un material duradero e impermeable. Proporciona una excelente protecci\u00f3n contra l\u00edquidos, productos qu\u00edmicos y suciedad, por lo que es ideal para trabajos en industrias como la alimentaci\u00f3n, limpieza, laboratorios y otras \u00e1reas donde se requiera alta resistencia a agentes corrosivos o humedad. Es f\u00e1cil de limpiar y reutilizable.<\/p>\n<p>Paquete de Venta: 1 Unidades<\/p>\n<p>Caja: 50 Unidades<\/p>\n","protected":false},"excerpt":{"rendered":"<p><strong>Pechera Pvc <\/strong><\/p>\n<p>Paquete de Venta:\u00a0 1 Unidades<\/p>\n<p>&nbsp;<\/p>\n","protected":false},"featured_media":15825,"comment_status":"open","ping_status":"closed","template":"","meta":{"_monsterinsights_skip_tracking":false,"_monsterinsights_sitenote_active":false,"_monsterinsights_sitenote_note":"","_monsterinsights_sitenote_category":0},"product_cat":[281,301,36],"product_tag":[294],"jetpack_sharing_enabled":true,"_links":{"self":[{"href":"https:\/\/galei.cl\/index.php\/wp-json\/wp\/v2\/product\/15829"}],"collection":[{"href":"https:\/\/galei.cl\/index.php\/wp-json\/wp\/v2\/product"}],"about":[{"href":"https:\/\/galei.cl\/index.php\/wp-json\/wp\/v2\/types\/product"}],"replies":[{"embeddable":true,"href":"https:\/\/galei.cl\/index.php\/wp-json\/wp\/v2\/comments?post=15829"}],"wp:featuredmedia":[{"embeddable":true,"href":"https:\/\/galei.cl\/index.php\/wp-json\/wp\/v2\/media\/15825"}],"wp:attachment":[{"href":"https:\/\/galei.cl\/index.php\/wp-json\/wp\/v2\/media?parent=15829"}],"wp:term":[{"taxonomy":"product_cat","embeddable":true,"href":"https:\/\/galei.cl\/index.php\/wp-json\/wp\/v2\/product_cat?post=15829"},{"taxonomy":"product_tag","embeddable":true,"href":"https:\/\/galei.cl\/index.php\/wp-json\/wp\/v2\/product_tag?post=15829"}],"curies":[{"name":"wp","href":"https:\/\/api.w.org\/{rel}","templated":true}]}}