{"id":15858,"date":"2024-10-11T05:23:54","date_gmt":"2024-10-11T08:23:54","guid":{"rendered":"https:\/\/galei.cl\/?post_type=product&#038;p=15858"},"modified":"2025-09-30T10:04:29","modified_gmt":"2025-09-30T13:04:29","slug":"rollo-bolsa-35x50cm-pull-pack-prepicada-lisa","status":"publish","type":"product","link":"https:\/\/galei.cl\/index.php\/producto\/rollo-bolsa-35x50cm-pull-pack-prepicada-lisa\/","title":{"rendered":"ROLLO BOLSA 35x50x700Und Pull Pack PREPICADA  lisa"},"content":{"rendered":"<p>Rollo de bolsa prepicada, tama\u00f1o 35&#215;50 cm, ideal para el empaquetado y almacenamiento de productos. Fabricado en pl\u00e1stico resistente, con perforaciones para facilitar el uso y la separaci\u00f3n de bolsas.<\/p>\n<p>Tama\u00f1o: 35cm x 50cm<br \/>\nGrosor: 10mic<br \/>\nPaquete de Venta: 1 Rollo \/ 700 Unidades<\/p>\n<p>&nbsp;<\/p>\n<p>&nbsp;<\/p>\n","protected":false},"excerpt":{"rendered":"<p><strong>ROLLO BOLSA\u00a0 PREPICADA Pull Pack lisa <\/strong><\/p>\n<p>Tama\u00f1o: <strong>35 x 50cm<\/strong><br \/>\nGrosor: 10mic<br \/>\nPaquete de Venta: 1 Rollo \/ 700 Unidades<\/p>\n","protected":false},"featured_media":15859,"comment_status":"open","ping_status":"closed","template":"","meta":{"_monsterinsights_skip_tracking":false,"_monsterinsights_sitenote_active":false,"_monsterinsights_sitenote_note":"","_monsterinsights_sitenote_category":0},"product_cat":[250,36],"product_tag":[286],"jetpack_sharing_enabled":true,"_links":{"self":[{"href":"https:\/\/galei.cl\/index.php\/wp-json\/wp\/v2\/product\/15858"}],"collection":[{"href":"https:\/\/galei.cl\/index.php\/wp-json\/wp\/v2\/product"}],"about":[{"href":"https:\/\/galei.cl\/index.php\/wp-json\/wp\/v2\/types\/product"}],"replies":[{"embeddable":true,"href":"https:\/\/galei.cl\/index.php\/wp-json\/wp\/v2\/comments?post=15858"}],"wp:featuredmedia":[{"embeddable":true,"href":"https:\/\/galei.cl\/index.php\/wp-json\/wp\/v2\/media\/15859"}],"wp:attachment":[{"href":"https:\/\/galei.cl\/index.php\/wp-json\/wp\/v2\/media?parent=15858"}],"wp:term":[{"taxonomy":"product_cat","embeddable":true,"href":"https:\/\/galei.cl\/index.php\/wp-json\/wp\/v2\/product_cat?post=15858"},{"taxonomy":"product_tag","embeddable":true,"href":"https:\/\/galei.cl\/index.php\/wp-json\/wp\/v2\/product_tag?post=15858"}],"curies":[{"name":"wp","href":"https:\/\/api.w.org\/{rel}","templated":true}]}}