{"id":15881,"date":"2024-10-15T14:55:08","date_gmt":"2024-10-15T17:55:08","guid":{"rendered":"https:\/\/galei.cl\/?post_type=product&#038;p=15881"},"modified":"2025-09-30T10:04:20","modified_gmt":"2025-09-30T13:04:20","slug":"pote-miel-1-kg","status":"publish","type":"product","link":"https:\/\/galei.cl\/index.php\/producto\/pote-miel-1-kg\/","title":{"rendered":"Pote miel 1 Kg"},"content":{"rendered":"<p>Recipiente de pl\u00e1stico resistente con 1 kg de miel pura y natural, ideal para uso familiar o comercial. Su dise\u00f1o pr\u00e1ctico y herm\u00e9tico mantiene la frescura y sabor de la miel por m\u00e1s tiempo.<\/p>\n<p>Tama\u00f1o: 1 Kg<br \/>\nPaquete de Venta: 50 unidades.<\/p>\n<p>Unidades por Caja: 50 unidades.<\/p>\n<p>&nbsp;<\/p>\n","protected":false},"excerpt":{"rendered":"<p><strong>Pote Miel\u00a0<\/strong><br \/>\nTama\u00f1o: 1 Kg<br \/>\nPaquete de Venta: 50 unidades.<\/p>\n","protected":false},"featured_media":15882,"comment_status":"open","ping_status":"closed","template":"","meta":{"_monsterinsights_skip_tracking":false,"_monsterinsights_sitenote_active":false,"_monsterinsights_sitenote_note":"","_monsterinsights_sitenote_category":0},"product_cat":[234,236,233,36],"product_tag":[288,282],"jetpack_sharing_enabled":true,"_links":{"self":[{"href":"https:\/\/galei.cl\/index.php\/wp-json\/wp\/v2\/product\/15881"}],"collection":[{"href":"https:\/\/galei.cl\/index.php\/wp-json\/wp\/v2\/product"}],"about":[{"href":"https:\/\/galei.cl\/index.php\/wp-json\/wp\/v2\/types\/product"}],"replies":[{"embeddable":true,"href":"https:\/\/galei.cl\/index.php\/wp-json\/wp\/v2\/comments?post=15881"}],"wp:featuredmedia":[{"embeddable":true,"href":"https:\/\/galei.cl\/index.php\/wp-json\/wp\/v2\/media\/15882"}],"wp:attachment":[{"href":"https:\/\/galei.cl\/index.php\/wp-json\/wp\/v2\/media?parent=15881"}],"wp:term":[{"taxonomy":"product_cat","embeddable":true,"href":"https:\/\/galei.cl\/index.php\/wp-json\/wp\/v2\/product_cat?post=15881"},{"taxonomy":"product_tag","embeddable":true,"href":"https:\/\/galei.cl\/index.php\/wp-json\/wp\/v2\/product_tag?post=15881"}],"curies":[{"name":"wp","href":"https:\/\/api.w.org\/{rel}","templated":true}]}}